{"id":2785,"date":"2025-06-08T07:30:31","date_gmt":"2025-06-08T05:30:31","guid":{"rendered":"https:\/\/newsite.lacaminadavielha.com\/?page_id=2785"},"modified":"2026-01-08T09:37:26","modified_gmt":"2026-01-08T08:37:26","slug":"cond","status":"publish","type":"page","link":"https:\/\/newsite.lacaminadavielha.com\/de\/avb\/","title":{"rendered":"AVB"},"content":{"rendered":"\t\t<div data-elementor-type=\"wp-page\" data-elementor-id=\"2785\" class=\"elementor elementor-2785\">\n\t\t\t\t<div class=\"elementor-element elementor-element-b00027f e-flex e-con-boxed e-con e-parent\" data-id=\"b00027f\" data-element_type=\"container\" data-e-type=\"container\">\n\t\t\t\t\t<div class=\"e-con-inner\">\n\t\t\t\t<div class=\"elementor-element elementor-element-1c15de4 elementor-widget elementor-widget-heading\" data-id=\"1c15de4\" data-element_type=\"widget\" data-e-type=\"widget\" data-widget_type=\"heading.default\">\n\t\t\t\t\t<h1 class=\"elementor-heading-title elementor-size-default\">Allgemeine Gesch\u00e4ftsbedingungen<\/h1>\t\t\t\t<\/div>\n\t\t\t\t<div class=\"elementor-element elementor-element-af7c330 elementor-widget elementor-widget-heading\" data-id=\"af7c330\" data-element_type=\"widget\" data-e-type=\"widget\" data-widget_type=\"heading.default\">\n\t\t\t\t\t<h2 class=\"elementor-heading-title elementor-size-default\">Buchungen<\/h2>\t\t\t\t<\/div>\n\t\t\t\t<div class=\"elementor-element elementor-element-0556ebb elementor-widget elementor-widget-text-editor\" data-id=\"0556ebb\" data-element_type=\"widget\" data-e-type=\"widget\" data-widget_type=\"text-editor.default\">\n\t\t\t\t\t\t\t\t\t<ul><li style=\"margin-bottom: 1em;\"><h4>Online-Buchung<\/h4><\/li><li style=\"list-style-type: none; margin-bottom: 1em;\"><ul><li style=\"margin-bottom: 1em;\">Die vollst\u00e4ndige Zahlung Ihres Aufenthalts ist zum Zeitpunkt der Buchung erforderlich. Ihre Reservierung wird nach Erhalt unserer Best\u00e4tigungs-E-Mail best\u00e4tigt. Bitte pr\u00fcfen Sie, ob die Zahlung erfolgreich war, und schauen Sie auch in Ihrem Spam-Ordner nach, falls die Best\u00e4tigung dort gelandet sein sollte.<\/li><li>Wenn Sie sich f\u00fcr eine Bank\u00fcberweisung entscheiden, unterliegt die Best\u00e4tigung Ihrer Reservierung denselben Bedingungen wie Buchungen auf Anfrage (siehe unten).<\/li><\/ul><\/li><\/ul>\t\t\t\t\t\t\t\t<\/div>\n\t\t\t\t<div class=\"elementor-element elementor-element-a5e186e elementor-widget elementor-widget-text-editor\" data-id=\"a5e186e\" data-element_type=\"widget\" data-e-type=\"widget\" data-widget_type=\"text-editor.default\">\n\t\t\t\t\t\t\t\t\t<ul>\n  <li style=\"margin-bottom:1em;\">\n    <h4>Reservierung auf Anfrage<\/h4>\n    <ul>\n      <li style=\"margin-bottom:1em;\">\n        Nach Eingang Ihrer Anfrage pr\u00fcfen wir die Verf\u00fcgbarkeit der gew\u00fcnschten Daten und senden Ihnen eine E-Mail mit den Details Ihres Aufenthalts und den Zahlungsanweisungen. Jede Reservierung setzt die Akzeptanz unserer allgemeinen Verkaufsbedingungen voraus.\n      <\/li>\n      <li style=\"margin-bottom:1em;\">\n        Die vollst\u00e4ndige Zahlung Ihres Aufenthalts muss innerhalb von 7 Tagen nach Versand dieser E-Mail eingegangen sein. Nach Eingang der Zahlung wird Ihre Reservierung endg\u00fcltig. Nach Ablauf dieser Frist behalten wir uns das Recht vor, die Unterkunft anderen G\u00e4sten anzubieten.\n      <\/li>\n    <\/ul>\n  <\/li>\n<\/ul>\n\t\t\t\t\t\t\t\t<\/div>\n\t\t\t\t<div class=\"elementor-element elementor-element-e35218b elementor-widget elementor-widget-heading\" data-id=\"e35218b\" data-element_type=\"widget\" data-e-type=\"widget\" data-widget_type=\"heading.default\">\n\t\t\t\t\t<h2 class=\"elementor-heading-title elementor-size-default\">Stornierungen<\/h2>\t\t\t\t<\/div>\n\t\t\t\t<div class=\"elementor-element elementor-element-52b2517 elementor-widget elementor-widget-text-editor\" data-id=\"52b2517\" data-element_type=\"widget\" data-e-type=\"widget\" data-widget_type=\"text-editor.default\">\n\t\t\t\t\t\t\t\t\t<ul>\n  <li style=\"margin-bottom:1em;\">\n    <h4>Stornierung durch den Gast<\/h4>\n    <ul>\n      <li style=\"margin-bottom:1em;\">Sie k\u00f6nnen Ihren Aufenthalt <span style=\"text-decoration: underline;\">bis 14 Tage vor Ankunft kostenfrei stornieren<\/span>. In diesem Fall wird die geleistete Anzahlung vollst\u00e4ndig erstattet.<\/li>\n      <li style=\"margin-bottom:1em;\">Bei einer Stornierung weniger als 14 Tage vor Beginn des Aufenthalts bleibt die Anzahlung bestehen und der Restbetrag des Aufenthalts ist f\u00e4llig.<\/li>\n      <li>Nicht genutzte N\u00e4chte k\u00f6nnen leider nicht erstattet werden. Bei versp\u00e4teter Ankunft oder vorzeitiger Abreise wird der Gesamtbetrag des urspr\u00fcnglich gebuchten Aufenthalts berechnet.<\/li>\n    <\/ul>\n  <\/li>\n<\/ul>\n\t\t\t\t\t\t\t\t<\/div>\n\t\t\t\t<div class=\"elementor-element elementor-element-3628219 elementor-widget elementor-widget-text-editor\" data-id=\"3628219\" data-element_type=\"widget\" data-e-type=\"widget\" data-widget_type=\"text-editor.default\">\n\t\t\t\t\t\t\t\t\t<ul>\n  <li style=\"margin-bottom:1em;\">\n    <h4>Stornierung durch uns<\/h4>\n    <ul>\n      <li>Im \u00e4u\u00dferst seltenen Fall, dass wir gezwungen sind, eine Reservierung zu stornieren, und ausschlie\u00dflich aufgrund unvorhergesehener Umst\u00e4nde au\u00dferhalb unserer Kontrolle, wird jede geleistete Zahlung vollst\u00e4ndig erstattet. Wir werden alles tun, um Ihnen nach M\u00f6glichkeit eine alternative Unterkunft von vergleichbarer Qualit\u00e4t anzubieten.<\/li>\n    <\/ul>\n  <\/li>\n<\/ul>\n\t\t\t\t\t\t\t\t<\/div>\n\t\t\t\t<div class=\"elementor-element elementor-element-e755339 elementor-widget elementor-widget-heading\" data-id=\"e755339\" data-element_type=\"widget\" data-e-type=\"widget\" data-widget_type=\"heading.default\">\n\t\t\t\t\t<h2 class=\"elementor-heading-title elementor-size-default\">Andere Bedingungen<\/h2>\t\t\t\t<\/div>\n\t\t\t\t<div class=\"elementor-element elementor-element-36bd60f elementor-widget elementor-widget-text-editor\" data-id=\"36bd60f\" data-element_type=\"widget\" data-e-type=\"widget\" data-widget_type=\"text-editor.default\">\n\t\t\t\t\t\t\t\t\t<ul>\n  <li style=\"margin-bottom:1em;\">\n    <h4>Zimmerwechsel<\/h4>\n    <ul>\n      <li>Wir behalten uns das Recht vor, Ihr Zimmer auf ein Zimmer derselben oder h\u00f6heren Kategorie ohne zus\u00e4tzliche Kosten zu \u00e4ndern, falls dies aus Planungsgr\u00fcnden oder aufgrund von Umst\u00e4nden au\u00dferhalb unserer Kontrolle erforderlich ist.<\/li>\n    <\/ul>\n  <\/li>\n<\/ul>\n\t\t\t\t\t\t\t\t<\/div>\n\t\t\t\t\t<\/div>\n\t\t\t\t<\/div>\n\t\t\t\t<\/div>\n\t\t","protected":false},"excerpt":{"rendered":"<p>Condititions G\u00e9n\u00e9rales de Vente Reservations R\u00e9servation en ligne Le paiement total du s\u00e9jour est demand\u00e9 au moment de la r\u00e9servation. Votre r\u00e9servation sera confirm\u00e9e d\u00e8s r\u00e9ception de notre courriel de confirmation. Veuillez v\u00e9rifier que le paiement a bien \u00e9t\u00e9 effectu\u00e9 et pensez \u00e0 consulter votre bo\u00eete de courrier ind\u00e9sirable au cas o\u00f9 notre confirmation s\u2019y [&hellip;]<\/p>\n","protected":false},"author":1,"featured_media":0,"parent":0,"menu_order":9,"comment_status":"closed","ping_status":"closed","template":"","meta":{"footnotes":""},"class_list":["post-2785","page","type-page","status-publish","hentry"],"blocksy_meta":[],"_links":{"self":[{"href":"https:\/\/newsite.lacaminadavielha.com\/de\/wp-json\/wp\/v2\/pages\/2785","targetHints":{"allow":["GET"]}}],"collection":[{"href":"https:\/\/newsite.lacaminadavielha.com\/de\/wp-json\/wp\/v2\/pages"}],"about":[{"href":"https:\/\/newsite.lacaminadavielha.com\/de\/wp-json\/wp\/v2\/types\/page"}],"author":[{"embeddable":true,"href":"https:\/\/newsite.lacaminadavielha.com\/de\/wp-json\/wp\/v2\/users\/1"}],"replies":[{"embeddable":true,"href":"https:\/\/newsite.lacaminadavielha.com\/de\/wp-json\/wp\/v2\/comments?post=2785"}],"version-history":[{"count":1,"href":"https:\/\/newsite.lacaminadavielha.com\/de\/wp-json\/wp\/v2\/pages\/2785\/revisions"}],"predecessor-version":[{"id":5606,"href":"https:\/\/newsite.lacaminadavielha.com\/de\/wp-json\/wp\/v2\/pages\/2785\/revisions\/5606"}],"wp:attachment":[{"href":"https:\/\/newsite.lacaminadavielha.com\/de\/wp-json\/wp\/v2\/media?parent=2785"}],"curies":[{"name":"wp","href":"https:\/\/api.w.org\/{rel}","templated":true}]}}