{"id":4458,"date":"2025-10-12T11:44:21","date_gmt":"2025-10-12T09:44:21","guid":{"rendered":"https:\/\/newsite.lacaminadavielha.com\/?page_id=4458"},"modified":"2026-01-08T07:06:34","modified_gmt":"2026-01-08T06:06:34","slug":"reglement-interieur","status":"publish","type":"page","link":"https:\/\/newsite.lacaminadavielha.com\/de\/hausordnung\/","title":{"rendered":"Hausordnung"},"content":{"rendered":"\t\t<div data-elementor-type=\"wp-page\" data-elementor-id=\"4458\" class=\"elementor elementor-4458\">\n\t\t\t\t<div class=\"elementor-element elementor-element-ad88414 e-flex e-con-boxed e-con e-parent\" data-id=\"ad88414\" data-element_type=\"container\" data-e-type=\"container\">\n\t\t\t\t\t<div class=\"e-con-inner\">\n\t\t\t\t<div class=\"elementor-element elementor-element-2ae1c66 elementor-widget elementor-widget-heading\" data-id=\"2ae1c66\" data-element_type=\"widget\" data-e-type=\"widget\" data-widget_type=\"heading.default\">\n\t\t\t\t\t<h1 class=\"elementor-heading-title elementor-size-default\">R\u00e8glement interieur<\/h1>\t\t\t\t<\/div>\n\t\t\t\t<div class=\"elementor-element elementor-element-f6f6786 elementor-widget elementor-widget-heading\" data-id=\"f6f6786\" data-element_type=\"widget\" data-e-type=\"widget\" data-widget_type=\"heading.default\">\n\t\t\t\t\t<h2 class=\"elementor-heading-title elementor-size-default\">Stundenregelung<\/h2>\t\t\t\t<\/div>\n\t\t\t\t<div class=\"elementor-element elementor-element-1b79580 elementor-widget elementor-widget-text-editor\" data-id=\"1b79580\" data-element_type=\"widget\" data-e-type=\"widget\" data-widget_type=\"text-editor.default\">\n\t\t\t\t\t\t\t\t\t<ul style=\"list-style: none; padding: 0; margin: 0; display: grid; grid-template-columns: 150px auto; gap: 0;\">\n \t<li>Anreise:<\/li>\n \t<li>zwischen 16:30 \u2013 21:00<\/li>\n \t<li>Abreise:<\/li>\n \t<li>vor 10:30<\/li>\n \t<li>Fr\u00fchst\u00fcck:<\/li>\n \t<li>zwischen 07:30 \u2013 09:00<\/li>\n \t<li>Abendessen:<\/li>\n \t<li>um 20:00 Uhr auf Reservierung<\/li>\n<\/ul>\n\t\t\t\t\t\t\t\t<\/div>\n\t\t\t\t<div class=\"elementor-element elementor-element-e97af25 elementor-widget elementor-widget-heading\" data-id=\"e97af25\" data-element_type=\"widget\" data-e-type=\"widget\" data-widget_type=\"heading.default\">\n\t\t\t\t\t<h2 class=\"elementor-heading-title elementor-size-default\">Essen und trinken<\/h2>\t\t\t\t<\/div>\n\t\t\t\t<div class=\"elementor-element elementor-element-902efa1 elementor-widget elementor-widget-text-editor\" data-id=\"902efa1\" data-element_type=\"widget\" data-e-type=\"widget\" data-widget_type=\"text-editor.default\">\n\t\t\t\t\t\t\t\t\t<p>Wir verbieten Ihnen nicht, im Zimmer zu essen oder zu trinken, aber wir bitten Sie, vorsichtig zu sein und sorgf\u00e4ltig mit den M\u00f6beln umzugehen.<\/p>\t\t\t\t\t\t\t\t<\/div>\n\t\t\t\t<div class=\"elementor-element elementor-element-db2254d elementor-widget elementor-widget-heading\" data-id=\"db2254d\" data-element_type=\"widget\" data-e-type=\"widget\" data-widget_type=\"heading.default\">\n\t\t\t\t\t<h2 class=\"elementor-heading-title elementor-size-default\">L\u00e4rm<\/h2>\t\t\t\t<\/div>\n\t\t\t\t<div class=\"elementor-element elementor-element-c9fb1bf elementor-widget elementor-widget-text-editor\" data-id=\"c9fb1bf\" data-element_type=\"widget\" data-e-type=\"widget\" data-widget_type=\"text-editor.default\">\n\t\t\t\t\t\t\t\t\t<p>Um allen G\u00e4sten einen angenehmen Aufenthalt zu erm\u00f6glichen, bitten wir Sie, zwischen 22 Uhr und 9 Uhr den L\u00e4rm zu reduzieren.<\/p>\t\t\t\t\t\t\t\t<\/div>\n\t\t\t\t<div class=\"elementor-element elementor-element-30dac0e elementor-widget elementor-widget-heading\" data-id=\"30dac0e\" data-element_type=\"widget\" data-e-type=\"widget\" data-widget_type=\"heading.default\">\n\t\t\t\t\t<h2 class=\"elementor-heading-title elementor-size-default\">Rauchen<\/h2>\t\t\t\t<\/div>\n\t\t\t\t<div class=\"elementor-element elementor-element-26bd4ff elementor-widget elementor-widget-text-editor\" data-id=\"26bd4ff\" data-element_type=\"widget\" data-e-type=\"widget\" data-widget_type=\"text-editor.default\">\n\t\t\t\t\t\t\t\t\t<p>Unser Haus ist komplett rauchfrei. Ein Aschenbecher steht Ihnen im Au\u00dfenbereich zur Verf\u00fcgung.<\/p>\t\t\t\t\t\t\t\t<\/div>\n\t\t\t\t<div class=\"elementor-element elementor-element-1a495ab elementor-widget elementor-widget-heading\" data-id=\"1a495ab\" data-element_type=\"widget\" data-e-type=\"widget\" data-widget_type=\"heading.default\">\n\t\t\t\t\t<h2 class=\"elementor-heading-title elementor-size-default\">Schmutzw\u00e4sche<\/h2>\t\t\t\t<\/div>\n\t\t\t\t<div class=\"elementor-element elementor-element-115474a elementor-widget elementor-widget-text-editor\" data-id=\"115474a\" data-element_type=\"widget\" data-e-type=\"widget\" data-widget_type=\"text-editor.default\">\n\t\t\t\t\t\t\t\t\t<p>Wir bitten Sie, Ihre W\u00e4sche nicht in der Dusche oder im Waschbecken zu waschen, um Sch\u00e4den zu vermeiden. Bei Bedarf steht Ihnen eine Waschmaschine zur Verf\u00fcgung.<\/p>\t\t\t\t\t\t\t\t<\/div>\n\t\t\t\t<div class=\"elementor-element elementor-element-aab034c elementor-widget elementor-widget-heading\" data-id=\"aab034c\" data-element_type=\"widget\" data-e-type=\"widget\" data-widget_type=\"heading.default\">\n\t\t\t\t\t<h2 class=\"elementor-heading-title elementor-size-default\">Reinigung<\/h2>\t\t\t\t<\/div>\n\t\t\t\t<div class=\"elementor-element elementor-element-6b512d9 elementor-widget elementor-widget-text-editor\" data-id=\"6b512d9\" data-element_type=\"widget\" data-e-type=\"widget\" data-widget_type=\"text-editor.default\">\n\t\t\t\t\t\t\t\t\t<p>Die Zimmer werden nicht gereinigt und die Bettw\u00e4sche wird nicht gewechselt, es sei denn, dies wird ausdr\u00fccklich gew\u00fcnscht. Bei einem l\u00e4ngeren Aufenthalt oder besonderen Bed\u00fcrfnissen kommen wir diesen W\u00fcnschen gerne nach.<\/p>\t\t\t\t\t\t\t\t<\/div>\n\t\t\t\t<div class=\"elementor-element elementor-element-ce46e40 elementor-widget elementor-widget-heading\" data-id=\"ce46e40\" data-element_type=\"widget\" data-e-type=\"widget\" data-widget_type=\"heading.default\">\n\t\t\t\t\t<h2 class=\"elementor-heading-title elementor-size-default\">Haustiere<\/h2>\t\t\t\t<\/div>\n\t\t\t\t<div class=\"elementor-element elementor-element-c326744 elementor-widget elementor-widget-text-editor\" data-id=\"c326744\" data-element_type=\"widget\" data-e-type=\"widget\" data-widget_type=\"text-editor.default\">\n\t\t\t\t\t\t\t\t\t<p>Hunde sind in unserem Haus willkommen. Bitte achten Sie jedoch darauf, dass sie das Mobiliar nicht besch\u00e4digen, lassen Sie sie nicht auf Betten oder Sofas und lassen Sie sie nicht alleine im Zimmer.<\/p>\t\t\t\t\t\t\t\t<\/div>\n\t\t\t\t<div class=\"elementor-element elementor-element-ab382e6 elementor-widget elementor-widget-heading\" data-id=\"ab382e6\" data-element_type=\"widget\" data-e-type=\"widget\" data-widget_type=\"heading.default\">\n\t\t\t\t\t<h2 class=\"elementor-heading-title elementor-size-default\">Verantwortung<\/h2>\t\t\t\t<\/div>\n\t\t\t\t<div class=\"elementor-element elementor-element-c2eb7af elementor-widget elementor-widget-text-editor\" data-id=\"c2eb7af\" data-element_type=\"widget\" data-e-type=\"widget\" data-widget_type=\"text-editor.default\">\n\t\t\t\t\t\t\t\t\t<p>Wir lehnen jede Verantwortung f\u00fcr Sch\u00e4den, Verluste oder Diebstahl von Eigentum in den Zimmern und auf dem Parkplatz sowie f\u00fcr Verletzungen von Mitgliedern Ihrer Gruppe ab, au\u00dfer in F\u00e4llen von Fahrl\u00e4ssigkeit unsererseits.<\/p>\t\t\t\t\t\t\t\t<\/div>\n\t\t\t\t<div class=\"elementor-element elementor-element-57ff834 elementor-widget elementor-widget-heading\" data-id=\"57ff834\" data-element_type=\"widget\" data-e-type=\"widget\" data-widget_type=\"heading.default\">\n\t\t\t\t\t<h2 class=\"elementor-heading-title elementor-size-default\">Sch\u00e4den<\/h2>\t\t\t\t<\/div>\n\t\t\t\t<div class=\"elementor-element elementor-element-2dc85ba elementor-widget elementor-widget-text-editor\" data-id=\"2dc85ba\" data-element_type=\"widget\" data-e-type=\"widget\" data-widget_type=\"text-editor.default\">\n\t\t\t\t\t\t\t\t\t<p>Danke, dass Sie unser Haus respektieren. Bei versehentlichen Sch\u00e4den benachrichtigen Sie uns bitte sofort. Bei Fahrl\u00e4ssigkeit oder Missbrauch behalten wir uns das Recht vor, die Reparatur oder den Ersatz besch\u00e4digter oder fehlender Gegenst\u00e4nde in Rechnung zu stellen.<\/p>\t\t\t\t\t\t\t\t<\/div>\n\t\t\t\t<div class=\"elementor-element elementor-element-6359424 elementor-widget elementor-widget-heading\" data-id=\"6359424\" data-element_type=\"widget\" data-e-type=\"widget\" data-widget_type=\"heading.default\">\n\t\t\t\t\t<h2 class=\"elementor-heading-title elementor-size-default\">K\u00fcndigung<\/h2>\t\t\t\t<\/div>\n\t\t\t\t<div class=\"elementor-element elementor-element-5c8dd5f elementor-widget elementor-widget-text-editor\" data-id=\"5c8dd5f\" data-element_type=\"widget\" data-e-type=\"widget\" data-widget_type=\"text-editor.default\">\n\t\t\t\t\t\t\t\t\t<p>Wij behouden ons het recht voor om personen die zich onaanvaardbaar of gevaarlijk gedragen de toegang te weigeren. De betrokken huurder(s) kan\/kunnen worden verzocht om de accommodatie onmiddellijk te verlaten na betaling van de verschuldigde bedragen, zonder compensatie voor de niet-gebruikte nachten.<\/p>\t\t\t\t\t\t\t\t<\/div>\n\t\t\t\t<div class=\"elementor-element elementor-element-7bb3e82 elementor-widget elementor-widget-heading\" data-id=\"7bb3e82\" data-element_type=\"widget\" data-e-type=\"widget\" data-widget_type=\"heading.default\">\n\t\t\t\t\t<h2 class=\"elementor-heading-title elementor-size-default\">Umwelt<\/h2>\t\t\t\t<\/div>\n\t\t\t\t<div class=\"elementor-element elementor-element-d1368dd elementor-widget elementor-widget-text-editor\" data-id=\"d1368dd\" data-element_type=\"widget\" data-e-type=\"widget\" data-widget_type=\"text-editor.default\">\n\t\t\t\t\t\t\t\t\t<p>Bitte helfen Sie, die Umwelt zu schonen und Energiekosten zu sparen:<\/p>\n<ul>\n \t<li>Heizung bei Abwesenheit ausschalten oder herunterdrehen<\/li>\n \t<li>Unn\u00f6tige Lichter ausschalten<\/li>\n \t<li>Im Winter Vorh\u00e4nge und\/oder Rolll\u00e4den schlie\u00dfen<\/li>\n \t<li>Wasser nicht unn\u00f6tig laufen lassen<\/li>\n \t<li>Handt\u00fccher und Bettw\u00e4sche sparsam verwenden<\/li>\n \t<li>Abfall richtig trennen<\/li>\n<\/ul>\n\t\t\t\t\t\t\t\t<\/div>\n\t\t\t\t\t<\/div>\n\t\t\t\t<\/div>\n\t\t\t\t<\/div>\n\t\t","protected":false},"excerpt":{"rendered":"<p>R\u00e8glement interieur Timetable Arriv\u00e9e: entre 16 h 30 \u2013 21 h D\u00e9part: avant 10 h 30 Petit-d\u00e9jeuner: entre 07 h 30 \u2013 09 h D\u00eener: \u00e0 20 h sur r\u00e9servation Boire &amp; manger Nous n\u2019interdisons pas de manger ou boire dans la chambre, mais nous vous prions de prendre soin et de respecter le mobilier. [&hellip;]<\/p>\n","protected":false},"author":1,"featured_media":0,"parent":0,"menu_order":10,"comment_status":"closed","ping_status":"closed","template":"","meta":{"footnotes":""},"class_list":["post-4458","page","type-page","status-publish","hentry"],"blocksy_meta":[],"_links":{"self":[{"href":"https:\/\/newsite.lacaminadavielha.com\/de\/wp-json\/wp\/v2\/pages\/4458","targetHints":{"allow":["GET"]}}],"collection":[{"href":"https:\/\/newsite.lacaminadavielha.com\/de\/wp-json\/wp\/v2\/pages"}],"about":[{"href":"https:\/\/newsite.lacaminadavielha.com\/de\/wp-json\/wp\/v2\/types\/page"}],"author":[{"embeddable":true,"href":"https:\/\/newsite.lacaminadavielha.com\/de\/wp-json\/wp\/v2\/users\/1"}],"replies":[{"embeddable":true,"href":"https:\/\/newsite.lacaminadavielha.com\/de\/wp-json\/wp\/v2\/comments?post=4458"}],"version-history":[{"count":1,"href":"https:\/\/newsite.lacaminadavielha.com\/de\/wp-json\/wp\/v2\/pages\/4458\/revisions"}],"predecessor-version":[{"id":5594,"href":"https:\/\/newsite.lacaminadavielha.com\/de\/wp-json\/wp\/v2\/pages\/4458\/revisions\/5594"}],"wp:attachment":[{"href":"https:\/\/newsite.lacaminadavielha.com\/de\/wp-json\/wp\/v2\/media?parent=4458"}],"curies":[{"name":"wp","href":"https:\/\/api.w.org\/{rel}","templated":true}]}}