{"id":2282,"date":"2025-03-01T12:39:00","date_gmt":"2025-03-01T11:39:00","guid":{"rendered":"http:\/\/newsite.lacaminadavielha.com\/?page_id=2282"},"modified":"2026-03-26T10:14:10","modified_gmt":"2026-03-26T09:14:10","slug":"reservations","status":"publish","type":"page","link":"https:\/\/newsite.lacaminadavielha.com\/en\/booking\/","title":{"rendered":"Booking"},"content":{"rendered":"\t\t<div data-elementor-type=\"wp-page\" data-elementor-id=\"2282\" class=\"elementor elementor-2282\">\n\t\t\t\t<div class=\"elementor-element elementor-element-9934a55 e-flex e-con-boxed e-con e-parent\" data-id=\"9934a55\" data-element_type=\"container\" data-e-type=\"container\">\n\t\t\t\t\t<div class=\"e-con-inner\">\n\t\t\t\t\t<\/div>\n\t\t\t\t<\/div>\n\t\t<div class=\"elementor-element elementor-element-a9b4d78 e-con-full e-flex e-con e-parent\" data-id=\"a9b4d78\" data-element_type=\"container\" data-e-type=\"container\">\n\t\t\t\t<div class=\"elementor-element elementor-element-c08b2d3 elementor-widget elementor-widget-text-editor\" data-id=\"c08b2d3\" data-element_type=\"widget\" data-e-type=\"widget\" data-widget_type=\"text-editor.default\">\n\t\t\t\t\t\t\t\t\t<p><\/p>\t\t\t\t\t\t\t\t<\/div>\n\t\t\t\t<\/div>\n\t\t<div class=\"elementor-element elementor-element-d228dc3 e-flex e-con-boxed e-con e-parent\" data-id=\"d228dc3\" data-element_type=\"container\" data-e-type=\"container\">\n\t\t\t\t\t<div class=\"e-con-inner\">\n\t\t\t\t<div class=\"elementor-element elementor-element-874db2c elementor-widget elementor-widget-text-editor\" data-id=\"874db2c\" data-element_type=\"widget\" data-e-type=\"widget\" data-widget_type=\"text-editor.default\">\n\t\t\t\t\t\t\t\t\t<p style=\"margin-bottom: 1em;\">Choose your dates to check availability and rates in real time. Please note:<\/p>\n\n<ul style=\"margin-bottom: 1em;\">\n  <li>Availability and bookings are for one room at a time.<\/li>\n  <li>Breakfast, linen, and city tax are included.<\/li>\n  <li>Any applicable discounts are automatically applied during booking.<\/li>\n<\/ul>\n\n<p style=\"margin-bottom: 1em;\">No availability for your entire stay? Some nights may still be available. We invite you to check the individual room calendars or contact us to confirm possibilities.<\/p>\n\n<p style=\"margin-bottom: 1em;\">For any other questions, please consult our FAQ, our Terms &#038; Conditions, or contact us directly.<\/p>\t\t\t\t\t\t\t\t<\/div>\n\t\t<div class=\"elementor-element elementor-element-e1631f7 e-con-full e-flex e-con e-child\" data-id=\"e1631f7\" data-element_type=\"container\" data-e-type=\"container\">\n\t\t\t\t<div class=\"elementor-element elementor-element-fed684b elementor-align-center elementor-widget elementor-widget-button\" data-id=\"fed684b\" data-element_type=\"widget\" data-e-type=\"widget\" data-widget_type=\"button.default\">\n\t\t\t\t\t\t\t\t\t\t<a class=\"elementor-button elementor-button-link elementor-size-sm\" href=\"#tarifs\">\n\t\t\t\t\t\t<span class=\"elementor-button-content-wrapper\">\n\t\t\t\t\t\t\t\t\t<span class=\"elementor-button-text\">Rates<\/span>\n\t\t\t\t\t<\/span>\n\t\t\t\t\t<\/a>\n\t\t\t\t\t\t\t\t<\/div>\n\t\t\t\t<div class=\"elementor-element elementor-element-01bbae8 elementor-align-center elementor-widget elementor-widget-button\" data-id=\"01bbae8\" data-element_type=\"widget\" data-e-type=\"widget\" data-widget_type=\"button.default\">\n\t\t\t\t\t\t\t\t\t\t<a class=\"elementor-button elementor-button-link elementor-size-sm\" href=\"#calendar\">\n\t\t\t\t\t\t<span class=\"elementor-button-content-wrapper\">\n\t\t\t\t\t\t\t\t\t<span class=\"elementor-button-text\">Calendar<\/span>\n\t\t\t\t\t<\/span>\n\t\t\t\t\t<\/a>\n\t\t\t\t\t\t\t\t<\/div>\n\t\t\t\t<div class=\"elementor-element elementor-element-23e2007 elementor-align-center elementor-widget elementor-widget-button\" data-id=\"23e2007\" data-element_type=\"widget\" data-e-type=\"widget\" data-widget_type=\"button.default\">\n\t\t\t\t\t\t\t\t\t\t<a class=\"elementor-button elementor-button-link elementor-size-sm\" href=\"https:\/\/newsite.lacaminadavielha.com\/en\/contact\/#faq\">\n\t\t\t\t\t\t<span class=\"elementor-button-content-wrapper\">\n\t\t\t\t\t\t\t\t\t<span class=\"elementor-button-text\">FAQ<\/span>\n\t\t\t\t\t<\/span>\n\t\t\t\t\t<\/a>\n\t\t\t\t\t\t\t\t<\/div>\n\t\t\t\t<div class=\"elementor-element elementor-element-4337f78 elementor-align-center elementor-widget elementor-widget-button\" data-id=\"4337f78\" data-element_type=\"widget\" data-e-type=\"widget\" data-widget_type=\"button.default\">\n\t\t\t\t\t\t\t\t\t\t<a class=\"elementor-button elementor-button-link elementor-size-sm\" href=\"https:\/\/newsite.lacaminadavielha.com\/en\/tc\/\">\n\t\t\t\t\t\t<span class=\"elementor-button-content-wrapper\">\n\t\t\t\t\t\t\t\t\t<span class=\"elementor-button-text\">TC<\/span>\n\t\t\t\t\t<\/span>\n\t\t\t\t\t<\/a>\n\t\t\t\t\t\t\t\t<\/div>\n\t\t\t\t<\/div>\n\t\t\t\t\t<\/div>\n\t\t\t\t<\/div>\n\t\t<div class=\"elementor-element elementor-element-b3473ea e-con-full e-flex e-con e-parent\" data-id=\"b3473ea\" data-element_type=\"container\" data-e-type=\"container\">\n\t\t\t\t<div class=\"elementor-element elementor-element-1f341b4 elementor-widget elementor-widget-html\" data-id=\"1f341b4\" data-element_type=\"widget\" data-e-type=\"widget\" data-widget_type=\"html.default\">\n\t\t\t\t\t<div id=\"bookingWrapper\" style=\"position: relative; width: 100%; max-width: 1200px; margin: 20px auto;\">\r\n  <div id=\"apartmentIframeAll\" style=\"width: 100%;\"><\/div>\r\n<\/div>\r\n\r\n<style>\r\n  \/* Full-width iframe, horizontally centered, tall enough for calendar *\/\r\n  #apartmentIframeAll iframe {\r\n    display: block;\r\n    margin: 0 auto;       \/* horizontal centering *\/\r\n    width: 100% !important;\r\n    height: auto !important; \r\n    border: none;\r\n    min-height: 500px;    \/* compact but higher initial height *\/\r\n    max-height: 1200px;   \/* allows full calendar dropdown *\/\r\n  }\r\n\r\n  \/* Optional responsive padding on small screens *\/\r\n  @media (max-width: 768px) {\r\n    #bookingWrapper {\r\n      padding: 0 10px;\r\n    }\r\n  }\r\n<\/style>\r\n\r\n<script type=\"text\/javascript\" src=\"https:\/\/login.smoobu.com\/js\/Settings\/BookingToolIframe.js\"><\/script>\r\n<script>\r\n  BookingToolIframe.initialize({\r\n    url: \"https:\/\/login.smoobu.com\/en\/booking-tool\/iframe\/82641\",\r\n    baseUrl: \"https:\/\/login.smoobu.com\",\r\n    target: \"#apartmentIframeAll\",\r\n    height: 750  \/\/ higher initial height ensures calendar visibility\r\n  });\r\n<\/script>\t\t\t\t<\/div>\n\t\t\t\t<\/div>\n\t\t<div class=\"elementor-element elementor-element-2586dce e-flex e-con-boxed e-con e-parent\" data-id=\"2586dce\" data-element_type=\"container\" data-e-type=\"container\">\n\t\t\t\t\t<div class=\"e-con-inner\">\n\t\t\t\t<div class=\"elementor-element elementor-element-41d2769 elementor-widget elementor-widget-menu-anchor\" data-id=\"41d2769\" data-element_type=\"widget\" data-e-type=\"widget\" data-widget_type=\"menu-anchor.default\">\n\t\t\t\t\t\t\t<div class=\"elementor-menu-anchor\" id=\"tarifs\"><\/div>\n\t\t\t\t\t\t<\/div>\n\t\t\t\t<div class=\"elementor-element elementor-element-a1eff80 elementor-widget elementor-widget-heading\" data-id=\"a1eff80\" data-element_type=\"widget\" data-e-type=\"widget\" data-widget_type=\"heading.default\">\n\t\t\t\t\t<h2 class=\"elementor-heading-title elementor-size-default\">Rates<\/h2>\t\t\t\t<\/div>\n\t\t\t\t<div class=\"elementor-element elementor-element-072e182 elementor-widget elementor-widget-text-editor\" data-id=\"072e182\" data-element_type=\"widget\" data-e-type=\"widget\" data-widget_type=\"text-editor.default\">\n\t\t\t\t\t\t\t\t\tThe rates are shown per day, including breakfast, linen, and city tax (\u20ac0.94 per person). <strong><span style=\"color: #d1ab50;\">Enjoy discounts of 5\u202f% from 3 nights, and 10\u202f% from 7 nights<\/span><\/strong>.\t\t\t\t\t\t\t\t<\/div>\n\t\t\t\t<div class=\"elementor-element elementor-element-9bcc335 elementor-widget elementor-widget-text-editor\" data-id=\"9bcc335\" data-element_type=\"widget\" data-e-type=\"widget\" data-widget_type=\"text-editor.default\">\n\t\t\t\t\t\t\t\t\t<table style=\"border-collapse: collapse; width: 100%; border-spacing: 0;\" border=\"1\" cellspacing=\"0\" cellpadding=\"0\">\n<tbody>\n<tr>\n<th style=\"text-align: left; padding-bottom: 10px;\"><\/th>\n<th style=\"text-align: left; padding-bottom: 10px;\">Chambre<\/th>\n<th style=\"text-align: center; padding-bottom: 10px;\">1P<\/th>\n<th style=\"text-align: center; padding-bottom: 10px;\">2P<\/th>\n<th style=\"text-align: center; padding-bottom: 10px;\">3P<\/th>\n<th style=\"text-align: center; padding-bottom: 10px;\">4P<\/th>\n<\/tr>\n<tr>\n<td style=\"text-align: center; padding: 0 6px;\"><img decoding=\"async\" src=\"http:\/\/newsite.lacaminadavielha.com\/wp-content\/uploads\/icons8-air-20.png\" width=\"20\" height=\"20\" \/><\/td>\n<td style=\"text-align: left; padding: 0 6px;\"><a href=\"https:\/\/newsite.lacaminadavielha.com\/en\/rooms\/#air\"><strong style=\"color: #38a51a;\">Air du Temps<\/strong><\/a><\/td>\n<td style=\"text-align: center; padding: 0 6px;\">\u20ac60<\/td>\n<td style=\"text-align: center; padding: 0 6px;\">\u20ac75<\/td>\n<td style=\"text-align: center; padding: 0 6px;\">&#8211;<\/td>\n<td style=\"text-align: center; padding: 0 6px;\">&#8211;<\/td>\n<\/tr>\n<tr>\n<td style=\"text-align: center; padding: 0 6px;\"><img decoding=\"async\" src=\"http:\/\/newsite.lacaminadavielha.com\/wp-content\/uploads\/icons8-earth-element-20.png\" width=\"20\" height=\"20\" \/><\/td>\n<td style=\"text-align: left; padding: 0 6px;\"><a href=\"https:\/\/newsite.lacaminadavielha.com\/en\/rooms\/#terre\"><strong style=\"color: #38a51a;\">Terre Eternelle<\/strong><\/a><\/td>\n<td style=\"text-align: center; padding: 0 6px;\">\u20ac75<\/td>\n<td style=\"text-align: center; padding: 0 6px;\">\u20ac75<\/td>\n<td style=\"text-align: center; padding: 0 6px;\">\u20ac100<\/td>\n<td style=\"text-align: center; padding: 0 6px;\">\u20ac125<\/td>\n<\/tr>\n<tr>\n<td style=\"text-align: center; padding: 0 6px;\"><img decoding=\"async\" src=\"http:\/\/newsite.lacaminadavielha.com\/wp-content\/uploads\/icons8-water-element-20.png\" width=\"20\" height=\"20\" \/><\/td>\n<td style=\"text-align: left; padding: 0 6px;\"><a href=\"https:\/\/newsite.lacaminadavielha.com\/en\/rooms\/#eau\"><strong style=\"color: #38a51a;\">Eau de Vie<\/strong><\/a><\/td>\n<td style=\"text-align: center; padding: 0 6px;\">\u20ac85<\/td>\n<td style=\"text-align: center; padding: 0 6px;\">\u20ac85<\/td>\n<td style=\"text-align: center; padding: 0 6px;\">\u20ac110<\/td>\n<td style=\"text-align: center; padding: 0 6px;\">\u20ac135<\/td>\n<\/tr>\n<tr>\n<td style=\"text-align: center; padding: 0 6px;\"><img loading=\"lazy\" decoding=\"async\" src=\"http:\/\/newsite.lacaminadavielha.com\/wp-content\/uploads\/icons8-fire-20.png\" width=\"20\" height=\"20\" \/><\/td>\n<td style=\"text-align: left; padding: 0 6px;\"><a href=\"https:\/\/newsite.lacaminadavielha.com\/en\/rooms\/#feu\"><strong style=\"color: #38a51a;\">Feu de l&#8217;\u00c2me<\/strong><\/a><\/td>\n<td style=\"text-align: center; padding: 0 6px;\">\u20ac70<\/td>\n<td style=\"text-align: center; padding: 0 6px;\">\u20ac85<\/td>\n<td style=\"text-align: center; padding: 0 6px;\">&#8211;<\/td>\n<td style=\"text-align: center; padding: 0 6px;\">&#8211;<\/td>\n<\/tr>\n<tr>\n<td style=\"text-align: center; padding: 0 6px;\"><img loading=\"lazy\" decoding=\"async\" src=\"http:\/\/newsite.lacaminadavielha.com\/wp-content\/uploads\/icons8-debian-20.png\" width=\"20\" height=\"20\" \/><\/td>\n<td style=\"text-align: left; padding: 0 6px;\"><a href=\"https:\/\/newsite.lacaminadavielha.com\/en\/rooms\/#essenciel\"><strong style=\"color: #38a51a;\">Essenciel<\/strong><\/a><\/td>\n<td style=\"text-align: center; padding: 0 6px;\">\u20ac60<\/td>\n<td style=\"text-align: center; padding: 0 6px;\">\u20ac75<\/td>\n<td style=\"text-align: center; padding: 0 6px;\">&#8211;<\/td>\n<td style=\"text-align: center; padding: 0 6px;\">&#8211;<\/td>\n<\/tr>\n<\/tbody>\n<\/table>\t\t\t\t\t\t\t\t<\/div>\n\t\t\t\t<div class=\"elementor-element elementor-element-9d7d863 elementor-align-center elementor-widget elementor-widget-button\" data-id=\"9d7d863\" data-element_type=\"widget\" data-e-type=\"widget\" data-widget_type=\"button.default\">\n\t\t\t\t\t\t\t\t\t\t<a class=\"elementor-button elementor-button-link elementor-size-sm\" href=\"https:\/\/newsite.lacaminadavielha.com\/en\/once-here\/\">\n\t\t\t\t\t\t<span class=\"elementor-button-content-wrapper\">\n\t\t\t\t\t\t\t\t\t<span class=\"elementor-button-text\">See all rates for our other services<\/span>\n\t\t\t\t\t<\/span>\n\t\t\t\t\t<\/a>\n\t\t\t\t\t\t\t\t<\/div>\n\t\t\t\t\t<\/div>\n\t\t\t\t<\/div>\n\t\t<div class=\"elementor-element elementor-element-43948fe e-flex e-con-boxed e-con e-parent\" data-id=\"43948fe\" data-element_type=\"container\" data-e-type=\"container\">\n\t\t\t\t\t<div class=\"e-con-inner\">\n\t\t\t\t<div class=\"elementor-element elementor-element-9ba4c38 elementor-widget__width-inherit elementor-widget-mobile__width-inherit elementor-widget elementor-widget-menu-anchor\" data-id=\"9ba4c38\" data-element_type=\"widget\" data-e-type=\"widget\" data-widget_type=\"menu-anchor.default\">\n\t\t\t\t\t\t\t<div class=\"elementor-menu-anchor\" id=\"calendar\"><\/div>\n\t\t\t\t\t\t<\/div>\n\t\t\t\t<div class=\"elementor-element elementor-element-07585dd elementor-widget elementor-widget-heading\" data-id=\"07585dd\" data-element_type=\"widget\" data-e-type=\"widget\" data-widget_type=\"heading.default\">\n\t\t\t\t\t<h2 class=\"elementor-heading-title elementor-size-default\">Calendar<\/h2>\t\t\t\t<\/div>\n\t\t\t\t<div class=\"elementor-element elementor-element-67b24d5 elementor-widget elementor-widget-text-editor\" data-id=\"67b24d5\" data-element_type=\"widget\" data-e-type=\"widget\" data-widget_type=\"text-editor.default\">\n\t\t\t\t\t\t\t\t\t<p>Below, you will find the overall calendar for all our rooms. Click on the dates to check the availability of each room for the desired period.<\/p>\t\t\t\t\t\t\t\t<\/div>\n\t\t\t\t\t<\/div>\n\t\t\t\t<\/div>\n\t\t<div class=\"elementor-element elementor-element-c0c2501 e-con-full calendar-container e-flex e-con e-parent\" data-id=\"c0c2501\" data-element_type=\"container\" data-e-type=\"container\">\n\t\t\t\t<div class=\"elementor-element elementor-element-1745f6c elementor-widget__width-inherit elementor-widget-mobile__width-inherit elementor-widget elementor-widget-html\" data-id=\"1745f6c\" data-element_type=\"widget\" data-e-type=\"widget\" data-widget_type=\"html.default\">\n\t\t\t\t\t<script>\r\n(function() {\r\n    \/\/ Skip in Elementor editor to avoid slowness\r\n    if (window.elementorFrontend && window.elementorFrontend.isEditMode()) return;\r\n\r\n    \/\/ Wait for the calendar container to exist\r\n    const waitForCalendar = setInterval(() => {\r\n        const calendar = document.querySelector('#france_voyage_calendrier');\r\n        if (!calendar) return;\r\n        clearInterval(waitForCalendar);\r\n\r\n        \/\/ Function to style calendar elements\r\n        const styleCalendar = () => {\r\n\r\n            \/\/ Month headers\r\n            calendar.querySelectorAll('.month_head').forEach(el => {\r\n                el.style.background = '#236002';\r\n                el.style.color = 'white';\r\n            });\r\n\r\n            \/\/ Weekday row\r\n            calendar.querySelectorAll('.month_weekdays').forEach(el => {\r\n                el.style.background = 'white';\r\n            });\r\n\r\n            \/\/ Weekday cells text color\r\n            calendar.querySelectorAll('.month_weekdays td').forEach(td => {\r\n                td.style.color = '#236002';\r\n            });\r\n\r\n            \/\/ Day cells\r\n            calendar.querySelectorAll('.month_days td').forEach(td => {\r\n                if (td.classList.contains('disabled')) {\r\n                    td.style.background = 'rgba(125,125,125,.5)';\r\n                    td.style.color = '#656768';\r\n                } else {\r\n                    td.style.background = 'white';\r\n                    td.style.color = '#000';\r\n                }\r\n\r\n                if (td.classList.contains('fer') || td.classList.contains('full') || td.classList.contains('partly')) {\r\n                    td.style.color = 'white';\r\n                }\r\n            });\r\n\r\n            \/\/ Set margin for month blocks\r\n            calendar.querySelectorAll('#calendar_container .month_block').forEach(el => {\r\n            if (window.matchMedia(\"(max-width: 768px)\").matches) {\r\n                \/\/ Mobile: small screens\r\n                el.style.margin = '3% 0';\r\n            } else {\r\n                \/\/ Desktop: optional different margin\r\n                el.style.margin = ''; \/\/ resets to default or CSS-defined value\r\n            }\r\n        });\r\n\r\n            \/\/ Tooltip titles\r\n            calendar.querySelectorAll('#segments_box .sb_title').forEach(el => {\r\n                el.style.background = 'white';\r\n                el.style.color = '#236002';\r\n                el.style.borderBottom = '1px solid #236002';\r\n            });\r\n\r\n            \/\/ Tooltip border\r\n            const segmentsBox = calendar.querySelector('#segments_box');\r\n            if (segmentsBox) {\r\n                segmentsBox.style.border = '1px solid #236002';\r\n            }\r\n        };\r\n\r\n        \/\/ Initial styling\r\n        styleCalendar();\r\n\r\n        \/\/ Observe dynamic changes (like month switches or tooltip updates)\r\n        const observer = new MutationObserver(styleCalendar);\r\n        observer.observe(calendar, { childList: true, subtree: true });\r\n    }, 200); \/\/ Check every 200ms until calendar exists\r\n})();\r\n<\/script>\t\t\t\t<\/div>\n\t\t\t\t<div class=\"elementor-element elementor-element-6f556b4 elementor-widget__width-inherit elementor-widget-mobile__width-inherit elementor-widget elementor-widget-html\" data-id=\"6f556b4\" data-element_type=\"widget\" data-e-type=\"widget\" data-widget_type=\"html.default\">\n\t\t\t\t\t<script src=\"https:\/\/www.france-voyage.com\/external\/pro\/calendrier.php?id=134186&lang=fr&nb=12&mode=d&chambre=0\"><\/script>\r\n\t\t\t\t<\/div>\n\t\t\t\t<div class=\"elementor-element elementor-element-92e28a4 elementor-widget elementor-widget-spacer\" data-id=\"92e28a4\" data-element_type=\"widget\" data-e-type=\"widget\" data-widget_type=\"spacer.default\">\n\t\t\t\t\t\t\t<div class=\"elementor-spacer\">\n\t\t\t<div class=\"elementor-spacer-inner\"><\/div>\n\t\t<\/div>\n\t\t\t\t\t\t<\/div>\n\t\t\t\t<\/div>\n\t\t\t\t<\/div>\n\t\t","protected":false},"excerpt":{"rendered":"<p>Choisissez vos dates pour consulter les disponibilit\u00e9s et les tarifs en temps r\u00e9el. \u00c0 noter : Les disponibilit\u00e9s et r\u00e9servations concernent une seule chambre \u00e0 la fois. Le petit-d\u00e9jeuner, le linge de maison et la taxe de s\u00e9jour sont inclus. Les r\u00e9ductions \u00e9ventuelles sont appliqu\u00e9es automatiquement lors de la r\u00e9servation. Aucune disponibilit\u00e9 pour l\u2019ensemble de [&hellip;]<\/p>\n","protected":false},"author":1,"featured_media":0,"parent":0,"menu_order":5,"comment_status":"closed","ping_status":"closed","template":"","meta":{"footnotes":""},"class_list":["post-2282","page","type-page","status-publish","hentry"],"blocksy_meta":[],"_links":{"self":[{"href":"https:\/\/newsite.lacaminadavielha.com\/en\/wp-json\/wp\/v2\/pages\/2282","targetHints":{"allow":["GET"]}}],"collection":[{"href":"https:\/\/newsite.lacaminadavielha.com\/en\/wp-json\/wp\/v2\/pages"}],"about":[{"href":"https:\/\/newsite.lacaminadavielha.com\/en\/wp-json\/wp\/v2\/types\/page"}],"author":[{"embeddable":true,"href":"https:\/\/newsite.lacaminadavielha.com\/en\/wp-json\/wp\/v2\/users\/1"}],"replies":[{"embeddable":true,"href":"https:\/\/newsite.lacaminadavielha.com\/en\/wp-json\/wp\/v2\/comments?post=2282"}],"version-history":[{"count":1,"href":"https:\/\/newsite.lacaminadavielha.com\/en\/wp-json\/wp\/v2\/pages\/2282\/revisions"}],"predecessor-version":[{"id":6213,"href":"https:\/\/newsite.lacaminadavielha.com\/en\/wp-json\/wp\/v2\/pages\/2282\/revisions\/6213"}],"wp:attachment":[{"href":"https:\/\/newsite.lacaminadavielha.com\/en\/wp-json\/wp\/v2\/media?parent=2282"}],"curies":[{"name":"wp","href":"https:\/\/api.w.org\/{rel}","templated":true}]}}