{"id":4458,"date":"2025-10-12T11:44:21","date_gmt":"2025-10-12T09:44:21","guid":{"rendered":"https:\/\/newsite.lacaminadavielha.com\/?page_id=4458"},"modified":"2026-01-08T07:06:34","modified_gmt":"2026-01-08T06:06:34","slug":"reglement-interieur","status":"publish","type":"page","link":"https:\/\/newsite.lacaminadavielha.com\/en\/house-rules\/","title":{"rendered":"House rules"},"content":{"rendered":"\t\t<div data-elementor-type=\"wp-page\" data-elementor-id=\"4458\" class=\"elementor elementor-4458\">\n\t\t\t\t<div class=\"elementor-element elementor-element-ad88414 e-flex e-con-boxed e-con e-parent\" data-id=\"ad88414\" data-element_type=\"container\" data-e-type=\"container\">\n\t\t\t\t\t<div class=\"e-con-inner\">\n\t\t\t\t<div class=\"elementor-element elementor-element-2ae1c66 elementor-widget elementor-widget-heading\" data-id=\"2ae1c66\" data-element_type=\"widget\" data-e-type=\"widget\" data-widget_type=\"heading.default\">\n\t\t\t\t\t<h1 class=\"elementor-heading-title elementor-size-default\">R\u00e8glement interieur<\/h1>\t\t\t\t<\/div>\n\t\t\t\t<div class=\"elementor-element elementor-element-f6f6786 elementor-widget elementor-widget-heading\" data-id=\"f6f6786\" data-element_type=\"widget\" data-e-type=\"widget\" data-widget_type=\"heading.default\">\n\t\t\t\t\t<h2 class=\"elementor-heading-title elementor-size-default\">Hours<\/h2>\t\t\t\t<\/div>\n\t\t\t\t<div class=\"elementor-element elementor-element-1b79580 elementor-widget elementor-widget-text-editor\" data-id=\"1b79580\" data-element_type=\"widget\" data-e-type=\"widget\" data-widget_type=\"text-editor.default\">\n\t\t\t\t\t\t\t\t\t<ul style=\"list-style: none; padding: 0; margin: 0; display: grid; grid-template-columns: 150px auto; gap: 0;\"><li>Check-in:<\/li><li>between 4:30 p.m. \u2013 9:00 p.m.<\/li><li>Check-out:<\/li><li>before 10:30 a.m.<\/li><li>Breakfast:<\/li><li>between 7:30 a.m. \u2013 9:00 a.m.<\/li><li>Dinner:<\/li><li>at 8:00 p.m. by reservation<\/li><\/ul>\t\t\t\t\t\t\t\t<\/div>\n\t\t\t\t<div class=\"elementor-element elementor-element-e97af25 elementor-widget elementor-widget-heading\" data-id=\"e97af25\" data-element_type=\"widget\" data-e-type=\"widget\" data-widget_type=\"heading.default\">\n\t\t\t\t\t<h2 class=\"elementor-heading-title elementor-size-default\">Eating &amp; drinking<\/h2>\t\t\t\t<\/div>\n\t\t\t\t<div class=\"elementor-element elementor-element-902efa1 elementor-widget elementor-widget-text-editor\" data-id=\"902efa1\" data-element_type=\"widget\" data-e-type=\"widget\" data-widget_type=\"text-editor.default\">\n\t\t\t\t\t\t\t\t\t<p>We do not prohibit eating or drinking in the room, but we ask that you take care and respect the furniture.<\/p>\t\t\t\t\t\t\t\t<\/div>\n\t\t\t\t<div class=\"elementor-element elementor-element-db2254d elementor-widget elementor-widget-heading\" data-id=\"db2254d\" data-element_type=\"widget\" data-e-type=\"widget\" data-widget_type=\"heading.default\">\n\t\t\t\t\t<h2 class=\"elementor-heading-title elementor-size-default\">Noice<\/h2>\t\t\t\t<\/div>\n\t\t\t\t<div class=\"elementor-element elementor-element-c9fb1bf elementor-widget elementor-widget-text-editor\" data-id=\"c9fb1bf\" data-element_type=\"widget\" data-e-type=\"widget\" data-widget_type=\"text-editor.default\">\n\t\t\t\t\t\t\t\t\t<p>For everyone&#8217;s comfort, we kindly ask you to keep noise to a minimum between 10 p.m. and 9 a.m.<\/p>\t\t\t\t\t\t\t\t<\/div>\n\t\t\t\t<div class=\"elementor-element elementor-element-30dac0e elementor-widget elementor-widget-heading\" data-id=\"30dac0e\" data-element_type=\"widget\" data-e-type=\"widget\" data-widget_type=\"heading.default\">\n\t\t\t\t\t<h2 class=\"elementor-heading-title elementor-size-default\">Smoking<\/h2>\t\t\t\t<\/div>\n\t\t\t\t<div class=\"elementor-element elementor-element-26bd4ff elementor-widget elementor-widget-text-editor\" data-id=\"26bd4ff\" data-element_type=\"widget\" data-e-type=\"widget\" data-widget_type=\"text-editor.default\">\n\t\t\t\t\t\t\t\t\t<p>Our house is entirely non-smoking. An ashtray is available outside.<\/p>\t\t\t\t\t\t\t\t<\/div>\n\t\t\t\t<div class=\"elementor-element elementor-element-1a495ab elementor-widget elementor-widget-heading\" data-id=\"1a495ab\" data-element_type=\"widget\" data-e-type=\"widget\" data-widget_type=\"heading.default\">\n\t\t\t\t\t<h2 class=\"elementor-heading-title elementor-size-default\">Laundry<\/h2>\t\t\t\t<\/div>\n\t\t\t\t<div class=\"elementor-element elementor-element-115474a elementor-widget elementor-widget-text-editor\" data-id=\"115474a\" data-element_type=\"widget\" data-e-type=\"widget\" data-widget_type=\"text-editor.default\">\n\t\t\t\t\t\t\t\t\t<p>Please do not wash your laundry in the shower or sink to avoid damage. Access to a washing machine is available if necessary.<\/p>\t\t\t\t\t\t\t\t<\/div>\n\t\t\t\t<div class=\"elementor-element elementor-element-aab034c elementor-widget elementor-widget-heading\" data-id=\"aab034c\" data-element_type=\"widget\" data-e-type=\"widget\" data-widget_type=\"heading.default\">\n\t\t\t\t\t<h2 class=\"elementor-heading-title elementor-size-default\">Housekeeping<\/h2>\t\t\t\t<\/div>\n\t\t\t\t<div class=\"elementor-element elementor-element-6b512d9 elementor-widget elementor-widget-text-editor\" data-id=\"6b512d9\" data-element_type=\"widget\" data-e-type=\"widget\" data-widget_type=\"text-editor.default\">\n\t\t\t\t\t\t\t\t\t<p>Rooms are not cleaned and linen is not changed unless requested. For extended stays or special requirements, we will be happy to accommodate you.<\/p>\t\t\t\t\t\t\t\t<\/div>\n\t\t\t\t<div class=\"elementor-element elementor-element-ce46e40 elementor-widget elementor-widget-heading\" data-id=\"ce46e40\" data-element_type=\"widget\" data-e-type=\"widget\" data-widget_type=\"heading.default\">\n\t\t\t\t\t<h2 class=\"elementor-heading-title elementor-size-default\">Pets<\/h2>\t\t\t\t<\/div>\n\t\t\t\t<div class=\"elementor-element elementor-element-c326744 elementor-widget elementor-widget-text-editor\" data-id=\"c326744\" data-element_type=\"widget\" data-e-type=\"widget\" data-widget_type=\"text-editor.default\">\n\t\t\t\t\t\t\t\t\t<p>Dogs are welcome in our house. However, please respect the furniture, do not let them on the beds or sofas, and do not leave them alone in the room.<\/p>\t\t\t\t\t\t\t\t<\/div>\n\t\t\t\t<div class=\"elementor-element elementor-element-ab382e6 elementor-widget elementor-widget-heading\" data-id=\"ab382e6\" data-element_type=\"widget\" data-e-type=\"widget\" data-widget_type=\"heading.default\">\n\t\t\t\t\t<h2 class=\"elementor-heading-title elementor-size-default\">Responsability<\/h2>\t\t\t\t<\/div>\n\t\t\t\t<div class=\"elementor-element elementor-element-c2eb7af elementor-widget elementor-widget-text-editor\" data-id=\"c2eb7af\" data-element_type=\"widget\" data-e-type=\"widget\" data-widget_type=\"text-editor.default\">\n\t\t\t\t\t\t\t\t\t<p>We decline all responsibility for any damage, loss or theft of property in the rooms and car park, as well as for any injury sustained by a member of your group, except in cases of negligence on our part.<\/p>\t\t\t\t\t\t\t\t<\/div>\n\t\t\t\t<div class=\"elementor-element elementor-element-57ff834 elementor-widget elementor-widget-heading\" data-id=\"57ff834\" data-element_type=\"widget\" data-e-type=\"widget\" data-widget_type=\"heading.default\">\n\t\t\t\t\t<h2 class=\"elementor-heading-title elementor-size-default\">Damages<\/h2>\t\t\t\t<\/div>\n\t\t\t\t<div class=\"elementor-element elementor-element-2dc85ba elementor-widget elementor-widget-text-editor\" data-id=\"2dc85ba\" data-element_type=\"widget\" data-e-type=\"widget\" data-widget_type=\"text-editor.default\">\n\t\t\t\t\t\t\t\t\t<p>Please respect our home. In the event of accidental damage, please notify us immediately. In the event of negligence or misuse, we reserve the right to charge for the repair or replacement of damaged or missing items.<\/p>\t\t\t\t\t\t\t\t<\/div>\n\t\t\t\t<div class=\"elementor-element elementor-element-6359424 elementor-widget elementor-widget-heading\" data-id=\"6359424\" data-element_type=\"widget\" data-e-type=\"widget\" data-widget_type=\"heading.default\">\n\t\t\t\t\t<h2 class=\"elementor-heading-title elementor-size-default\">Termination<\/h2>\t\t\t\t<\/div>\n\t\t\t\t<div class=\"elementor-element elementor-element-5c8dd5f elementor-widget elementor-widget-text-editor\" data-id=\"5c8dd5f\" data-element_type=\"widget\" data-e-type=\"widget\" data-widget_type=\"text-editor.default\">\n\t\t\t\t\t\t\t\t\t<p>We reserve the right to refuse access to anyone behaving in an unacceptable or dangerous manner. The tenant(s) concerned may be asked to leave the premises immediately after settling any outstanding amounts, without compensation for unused nights.<\/p>\t\t\t\t\t\t\t\t<\/div>\n\t\t\t\t<div class=\"elementor-element elementor-element-7bb3e82 elementor-widget elementor-widget-heading\" data-id=\"7bb3e82\" data-element_type=\"widget\" data-e-type=\"widget\" data-widget_type=\"heading.default\">\n\t\t\t\t\t<h2 class=\"elementor-heading-title elementor-size-default\">Environment<\/h2>\t\t\t\t<\/div>\n\t\t\t\t<div class=\"elementor-element elementor-element-d1368dd elementor-widget elementor-widget-text-editor\" data-id=\"d1368dd\" data-element_type=\"widget\" data-e-type=\"widget\" data-widget_type=\"text-editor.default\">\n\t\t\t\t\t\t\t\t\t<p>Please help reduce your impact on the environment and energy bills by:<\/p>\n<ul>\n \t<li>Turning off or lowering the heating when absent<\/li>\n \t<li>Switching off unnecessary lights<\/li>\n \t<li>Closing curtains and\/or shutters in winter<\/li>\n \t<li>Not letting water run unnecessarily<\/li>\n \t<li>Using towels and linens wisely<\/li>\n \t<li>Sorting waste properly<\/li>\n<\/ul>\n\t\t\t\t\t\t\t\t<\/div>\n\t\t\t\t\t<\/div>\n\t\t\t\t<\/div>\n\t\t\t\t<\/div>\n\t\t","protected":false},"excerpt":{"rendered":"<p>R\u00e8glement interieur Timetable Arriv\u00e9e: entre 16 h 30 \u2013 21 h D\u00e9part: avant 10 h 30 Petit-d\u00e9jeuner: entre 07 h 30 \u2013 09 h D\u00eener: \u00e0 20 h sur r\u00e9servation Boire &amp; manger Nous n\u2019interdisons pas de manger ou boire dans la chambre, mais nous vous prions de prendre soin et de respecter le mobilier. [&hellip;]<\/p>\n","protected":false},"author":1,"featured_media":0,"parent":0,"menu_order":10,"comment_status":"closed","ping_status":"closed","template":"","meta":{"footnotes":""},"class_list":["post-4458","page","type-page","status-publish","hentry"],"blocksy_meta":[],"_links":{"self":[{"href":"https:\/\/newsite.lacaminadavielha.com\/en\/wp-json\/wp\/v2\/pages\/4458","targetHints":{"allow":["GET"]}}],"collection":[{"href":"https:\/\/newsite.lacaminadavielha.com\/en\/wp-json\/wp\/v2\/pages"}],"about":[{"href":"https:\/\/newsite.lacaminadavielha.com\/en\/wp-json\/wp\/v2\/types\/page"}],"author":[{"embeddable":true,"href":"https:\/\/newsite.lacaminadavielha.com\/en\/wp-json\/wp\/v2\/users\/1"}],"replies":[{"embeddable":true,"href":"https:\/\/newsite.lacaminadavielha.com\/en\/wp-json\/wp\/v2\/comments?post=4458"}],"version-history":[{"count":1,"href":"https:\/\/newsite.lacaminadavielha.com\/en\/wp-json\/wp\/v2\/pages\/4458\/revisions"}],"predecessor-version":[{"id":5594,"href":"https:\/\/newsite.lacaminadavielha.com\/en\/wp-json\/wp\/v2\/pages\/4458\/revisions\/5594"}],"wp:attachment":[{"href":"https:\/\/newsite.lacaminadavielha.com\/en\/wp-json\/wp\/v2\/media?parent=4458"}],"curies":[{"name":"wp","href":"https:\/\/api.w.org\/{rel}","templated":true}]}}