{"id":2785,"date":"2025-06-08T07:30:31","date_gmt":"2025-06-08T05:30:31","guid":{"rendered":"https:\/\/newsite.lacaminadavielha.com\/?page_id=2785"},"modified":"2026-01-08T09:37:26","modified_gmt":"2026-01-08T08:37:26","slug":"cond","status":"publish","type":"page","link":"https:\/\/newsite.lacaminadavielha.com\/es\/cgv\/","title":{"rendered":"CGV"},"content":{"rendered":"\t\t<div data-elementor-type=\"wp-page\" data-elementor-id=\"2785\" class=\"elementor elementor-2785\">\n\t\t\t\t<div class=\"elementor-element elementor-element-b00027f e-flex e-con-boxed e-con e-parent\" data-id=\"b00027f\" data-element_type=\"container\" data-e-type=\"container\">\n\t\t\t\t\t<div class=\"e-con-inner\">\n\t\t\t\t<div class=\"elementor-element elementor-element-1c15de4 elementor-widget elementor-widget-heading\" data-id=\"1c15de4\" data-element_type=\"widget\" data-e-type=\"widget\" data-widget_type=\"heading.default\">\n\t\t\t\t\t<h1 class=\"elementor-heading-title elementor-size-default\">Condiciones Generales de Venta<\/h1>\t\t\t\t<\/div>\n\t\t\t\t<div class=\"elementor-element elementor-element-af7c330 elementor-widget elementor-widget-heading\" data-id=\"af7c330\" data-element_type=\"widget\" data-e-type=\"widget\" data-widget_type=\"heading.default\">\n\t\t\t\t\t<h2 class=\"elementor-heading-title elementor-size-default\">Reservas<\/h2>\t\t\t\t<\/div>\n\t\t\t\t<div class=\"elementor-element elementor-element-0556ebb elementor-widget elementor-widget-text-editor\" data-id=\"0556ebb\" data-element_type=\"widget\" data-e-type=\"widget\" data-widget_type=\"text-editor.default\">\n\t\t\t\t\t\t\t\t\t<ul><li style=\"margin-bottom: 1em;\"><h4>Reserva en l\u00ednea<\/h4><\/li><li style=\"list-style-type: none; margin-bottom: 1em;\"><ul><li style=\"margin-bottom: 1em;\">El pago completo de su estancia se requiere en el momento de la reserva. Su reserva se confirmar\u00e1 al recibir nuestro correo electr\u00f3nico de confirmaci\u00f3n. Por favor, compruebe que el pago se ha realizado correctamente y revise su carpeta de spam por si la confirmaci\u00f3n hubiera llegado all\u00ed.<\/li><li>Si elige pagar mediante transferencia bancaria, la confirmaci\u00f3n de su reserva estar\u00e1 sujeta a las mismas condiciones que las reservas bajo solicitud (ver m\u00e1s abajo).<\/li><\/ul><\/li><\/ul>\t\t\t\t\t\t\t\t<\/div>\n\t\t\t\t<div class=\"elementor-element elementor-element-a5e186e elementor-widget elementor-widget-text-editor\" data-id=\"a5e186e\" data-element_type=\"widget\" data-e-type=\"widget\" data-widget_type=\"text-editor.default\">\n\t\t\t\t\t\t\t\t\t<ul>\n  <li style=\"margin-bottom:1em;\">\n    <h4>Reserva bajo solicitud<\/h4>\n    <ul>\n      <li style=\"margin-bottom:1em;\">\n        Tras recibir su solicitud, comprobamos la disponibilidad de las fechas elegidas y le enviamos un correo electr\u00f3nico con los detalles de su estancia y las instrucciones de pago. Todas las reservas implican la aceptaci\u00f3n de nuestras condiciones generales de venta.\n      <\/li>\n      <li style=\"margin-bottom:1em;\">\n        El pago completo de su estancia debe recibirse dentro de los 7 d\u00edas siguientes al env\u00edo de este correo. Tras la recepci\u00f3n del pago, su reserva se considera definitiva. Pasado este plazo, nos reservamos el derecho de ofrecer el alojamiento a otros hu\u00e9spedes.\n      <\/li>\n    <\/ul>\n  <\/li>\n<\/ul>\n\t\t\t\t\t\t\t\t<\/div>\n\t\t\t\t<div class=\"elementor-element elementor-element-e35218b elementor-widget elementor-widget-heading\" data-id=\"e35218b\" data-element_type=\"widget\" data-e-type=\"widget\" data-widget_type=\"heading.default\">\n\t\t\t\t\t<h2 class=\"elementor-heading-title elementor-size-default\">Cancelaciones<\/h2>\t\t\t\t<\/div>\n\t\t\t\t<div class=\"elementor-element elementor-element-52b2517 elementor-widget elementor-widget-text-editor\" data-id=\"52b2517\" data-element_type=\"widget\" data-e-type=\"widget\" data-widget_type=\"text-editor.default\">\n\t\t\t\t\t\t\t\t\t<ul>\n  <li style=\"margin-bottom:1em;\">\n    <h4>Cancelaci\u00f3n por parte del cliente<\/h4>\n    <ul>\n      <li style=\"margin-bottom:1em;\">Puede cancelar su estancia <span style=\"text-decoration: underline;\">sin gastos hasta 14 d\u00edas antes de la fecha de llegada<\/span>. En este caso, se reembolsar\u00e1 \u00edntegramente el dep\u00f3sito pagado.<\/li>\n      <li style=\"margin-bottom:1em;\">En caso de cancelaci\u00f3n a menos de 14 d\u00edas del inicio de la estancia, el dep\u00f3sito no se devolver\u00e1 y el saldo de la estancia ser\u00e1 debido.<\/li>\n      <li>Las noches no utilizadas no pueden ser reembolsadas. En caso de llegada tard\u00eda o salida anticipada, se cobrar\u00e1 el importe total de la estancia inicialmente reservada.<\/li>\n    <\/ul>\n  <\/li>\n<\/ul>\n\t\t\t\t\t\t\t\t<\/div>\n\t\t\t\t<div class=\"elementor-element elementor-element-3628219 elementor-widget elementor-widget-text-editor\" data-id=\"3628219\" data-element_type=\"widget\" data-e-type=\"widget\" data-widget_type=\"text-editor.default\">\n\t\t\t\t\t\t\t\t\t<ul>\n  <li style=\"margin-bottom:1em;\">\n    <h4>Cancelaci\u00f3n por nuestra parte<\/h4>\n    <ul>\n      <li>En el caso muy excepcional de que nos vi\u00e9ramos obligados a cancelar una reserva, y \u00fanicamente por circunstancias imprevistas fuera de nuestro control, cualquier pago realizado ser\u00e1 reembolsado \u00edntegramente. Haremos todo lo posible, en la medida de lo posible, para ofrecerle una soluci\u00f3n de alojamiento de calidad comparable.<\/li>\n    <\/ul>\n  <\/li>\n<\/ul>\n\t\t\t\t\t\t\t\t<\/div>\n\t\t\t\t<div class=\"elementor-element elementor-element-e755339 elementor-widget elementor-widget-heading\" data-id=\"e755339\" data-element_type=\"widget\" data-e-type=\"widget\" data-widget_type=\"heading.default\">\n\t\t\t\t\t<h2 class=\"elementor-heading-title elementor-size-default\">Otras condiciones<\/h2>\t\t\t\t<\/div>\n\t\t\t\t<div class=\"elementor-element elementor-element-36bd60f elementor-widget elementor-widget-text-editor\" data-id=\"36bd60f\" data-element_type=\"widget\" data-e-type=\"widget\" data-widget_type=\"text-editor.default\">\n\t\t\t\t\t\t\t\t\t<ul>\n  <li style=\"margin-bottom:1em;\">\n    <h4>Cambio de habitaci\u00f3n<\/h4>\n    <ul>\n      <li>Nos reservamos el derecho de cambiar su habitaci\u00f3n por una de categor\u00eda similar o superior, sin coste adicional, si es necesario por motivos de planificaci\u00f3n o debido a circunstancias fuera de nuestro control.<\/li>\n    <\/ul>\n  <\/li>\n<\/ul>\n\t\t\t\t\t\t\t\t<\/div>\n\t\t\t\t\t<\/div>\n\t\t\t\t<\/div>\n\t\t\t\t<\/div>\n\t\t","protected":false},"excerpt":{"rendered":"<p>Condititions G\u00e9n\u00e9rales de Vente Reservations R\u00e9servation en ligne Le paiement total du s\u00e9jour est demand\u00e9 au moment de la r\u00e9servation. Votre r\u00e9servation sera confirm\u00e9e d\u00e8s r\u00e9ception de notre courriel de confirmation. Veuillez v\u00e9rifier que le paiement a bien \u00e9t\u00e9 effectu\u00e9 et pensez \u00e0 consulter votre bo\u00eete de courrier ind\u00e9sirable au cas o\u00f9 notre confirmation s\u2019y [&hellip;]<\/p>\n","protected":false},"author":1,"featured_media":0,"parent":0,"menu_order":9,"comment_status":"closed","ping_status":"closed","template":"","meta":{"footnotes":""},"class_list":["post-2785","page","type-page","status-publish","hentry"],"blocksy_meta":[],"_links":{"self":[{"href":"https:\/\/newsite.lacaminadavielha.com\/es\/wp-json\/wp\/v2\/pages\/2785","targetHints":{"allow":["GET"]}}],"collection":[{"href":"https:\/\/newsite.lacaminadavielha.com\/es\/wp-json\/wp\/v2\/pages"}],"about":[{"href":"https:\/\/newsite.lacaminadavielha.com\/es\/wp-json\/wp\/v2\/types\/page"}],"author":[{"embeddable":true,"href":"https:\/\/newsite.lacaminadavielha.com\/es\/wp-json\/wp\/v2\/users\/1"}],"replies":[{"embeddable":true,"href":"https:\/\/newsite.lacaminadavielha.com\/es\/wp-json\/wp\/v2\/comments?post=2785"}],"version-history":[{"count":1,"href":"https:\/\/newsite.lacaminadavielha.com\/es\/wp-json\/wp\/v2\/pages\/2785\/revisions"}],"predecessor-version":[{"id":5606,"href":"https:\/\/newsite.lacaminadavielha.com\/es\/wp-json\/wp\/v2\/pages\/2785\/revisions\/5606"}],"wp:attachment":[{"href":"https:\/\/newsite.lacaminadavielha.com\/es\/wp-json\/wp\/v2\/media?parent=2785"}],"curies":[{"name":"wp","href":"https:\/\/api.w.org\/{rel}","templated":true}]}}