{"id":4458,"date":"2025-10-12T11:44:21","date_gmt":"2025-10-12T09:44:21","guid":{"rendered":"https:\/\/newsite.lacaminadavielha.com\/?page_id=4458"},"modified":"2026-01-08T07:06:34","modified_gmt":"2026-01-08T06:06:34","slug":"reglement-interieur","status":"publish","type":"page","link":"https:\/\/newsite.lacaminadavielha.com\/es\/normas-casa\/","title":{"rendered":"Normas de la casa"},"content":{"rendered":"\t\t<div data-elementor-type=\"wp-page\" data-elementor-id=\"4458\" class=\"elementor elementor-4458\">\n\t\t\t\t<div class=\"elementor-element elementor-element-ad88414 e-flex e-con-boxed e-con e-parent\" data-id=\"ad88414\" data-element_type=\"container\" data-e-type=\"container\">\n\t\t\t\t\t<div class=\"e-con-inner\">\n\t\t\t\t<div class=\"elementor-element elementor-element-2ae1c66 elementor-widget elementor-widget-heading\" data-id=\"2ae1c66\" data-element_type=\"widget\" data-e-type=\"widget\" data-widget_type=\"heading.default\">\n\t\t\t\t\t<h1 class=\"elementor-heading-title elementor-size-default\">R\u00e8glement interieur<\/h1>\t\t\t\t<\/div>\n\t\t\t\t<div class=\"elementor-element elementor-element-f6f6786 elementor-widget elementor-widget-heading\" data-id=\"f6f6786\" data-element_type=\"widget\" data-e-type=\"widget\" data-widget_type=\"heading.default\">\n\t\t\t\t\t<h2 class=\"elementor-heading-title elementor-size-default\">Horarios<\/h2>\t\t\t\t<\/div>\n\t\t\t\t<div class=\"elementor-element elementor-element-1b79580 elementor-widget elementor-widget-text-editor\" data-id=\"1b79580\" data-element_type=\"widget\" data-e-type=\"widget\" data-widget_type=\"text-editor.default\">\n\t\t\t\t\t\t\t\t\t<ul style=\"list-style: none; padding: 0; margin: 0; display: grid; grid-template-columns: 150px auto; gap: 0;\"><li>Entrada:<\/li><li>entre 16:30 \u2013 21:00<\/li><li>Salida:<\/li><li>antes de 10:30<\/li><li>Desayuno:<\/li><li>entre 07:30 \u2013 09:00<\/li><li>Cena:<\/li><li>a las 20:00 con reserva<\/li><\/ul>\t\t\t\t\t\t\t\t<\/div>\n\t\t\t\t<div class=\"elementor-element elementor-element-e97af25 elementor-widget elementor-widget-heading\" data-id=\"e97af25\" data-element_type=\"widget\" data-e-type=\"widget\" data-widget_type=\"heading.default\">\n\t\t\t\t\t<h2 class=\"elementor-heading-title elementor-size-default\">Comer y beber<\/h2>\t\t\t\t<\/div>\n\t\t\t\t<div class=\"elementor-element elementor-element-902efa1 elementor-widget elementor-widget-text-editor\" data-id=\"902efa1\" data-element_type=\"widget\" data-e-type=\"widget\" data-widget_type=\"text-editor.default\">\n\t\t\t\t\t\t\t\t\t<p>No prohibimos comer ni beber en la habitaci\u00f3n, pero le rogamos que tenga cuidado y respete el mobiliario.<\/p>\t\t\t\t\t\t\t\t<\/div>\n\t\t\t\t<div class=\"elementor-element elementor-element-db2254d elementor-widget elementor-widget-heading\" data-id=\"db2254d\" data-element_type=\"widget\" data-e-type=\"widget\" data-widget_type=\"heading.default\">\n\t\t\t\t\t<h2 class=\"elementor-heading-title elementor-size-default\">Ruido<\/h2>\t\t\t\t<\/div>\n\t\t\t\t<div class=\"elementor-element elementor-element-c9fb1bf elementor-widget elementor-widget-text-editor\" data-id=\"c9fb1bf\" data-element_type=\"widget\" data-e-type=\"widget\" data-widget_type=\"text-editor.default\">\n\t\t\t\t\t\t\t\t\t<p>Para la comodidad de todos, rogamos reduzcan el ruido entre las 22:00 y las 9:00 horas.<\/p>\t\t\t\t\t\t\t\t<\/div>\n\t\t\t\t<div class=\"elementor-element elementor-element-30dac0e elementor-widget elementor-widget-heading\" data-id=\"30dac0e\" data-element_type=\"widget\" data-e-type=\"widget\" data-widget_type=\"heading.default\">\n\t\t\t\t\t<h2 class=\"elementor-heading-title elementor-size-default\">Fumar<\/h2>\t\t\t\t<\/div>\n\t\t\t\t<div class=\"elementor-element elementor-element-26bd4ff elementor-widget elementor-widget-text-editor\" data-id=\"26bd4ff\" data-element_type=\"widget\" data-e-type=\"widget\" data-widget_type=\"text-editor.default\">\n\t\t\t\t\t\t\t\t\t<p>Nuestra casa es totalmente libre de humo. Hay un cenicero a su disposici\u00f3n en el exterior.<\/p>\t\t\t\t\t\t\t\t<\/div>\n\t\t\t\t<div class=\"elementor-element elementor-element-1a495ab elementor-widget elementor-widget-heading\" data-id=\"1a495ab\" data-element_type=\"widget\" data-e-type=\"widget\" data-widget_type=\"heading.default\">\n\t\t\t\t\t<h2 class=\"elementor-heading-title elementor-size-default\">Ropa sucia<\/h2>\t\t\t\t<\/div>\n\t\t\t\t<div class=\"elementor-element elementor-element-115474a elementor-widget elementor-widget-text-editor\" data-id=\"115474a\" data-element_type=\"widget\" data-e-type=\"widget\" data-widget_type=\"text-editor.default\">\n\t\t\t\t\t\t\t\t\t<p>Le rogamos que no lave la ropa en la ducha o en el lavabo para evitar da\u00f1os. Si es necesario, puede utilizar una lavadora.<\/p>\t\t\t\t\t\t\t\t<\/div>\n\t\t\t\t<div class=\"elementor-element elementor-element-aab034c elementor-widget elementor-widget-heading\" data-id=\"aab034c\" data-element_type=\"widget\" data-e-type=\"widget\" data-widget_type=\"heading.default\">\n\t\t\t\t\t<h2 class=\"elementor-heading-title elementor-size-default\">Limpieza<\/h2>\t\t\t\t<\/div>\n\t\t\t\t<div class=\"elementor-element elementor-element-6b512d9 elementor-widget elementor-widget-text-editor\" data-id=\"6b512d9\" data-element_type=\"widget\" data-e-type=\"widget\" data-widget_type=\"text-editor.default\">\n\t\t\t\t\t\t\t\t\t<p>Las habitaciones no se limpian ni se cambia la ropa de cama, salvo que se solicite expresamente. Para estancias prolongadas o necesidades especiales, estaremos encantados de atenderle.<\/p>\t\t\t\t\t\t\t\t<\/div>\n\t\t\t\t<div class=\"elementor-element elementor-element-ce46e40 elementor-widget elementor-widget-heading\" data-id=\"ce46e40\" data-element_type=\"widget\" data-e-type=\"widget\" data-widget_type=\"heading.default\">\n\t\t\t\t\t<h2 class=\"elementor-heading-title elementor-size-default\">Mascotas<\/h2>\t\t\t\t<\/div>\n\t\t\t\t<div class=\"elementor-element elementor-element-c326744 elementor-widget elementor-widget-text-editor\" data-id=\"c326744\" data-element_type=\"widget\" data-e-type=\"widget\" data-widget_type=\"text-editor.default\">\n\t\t\t\t\t\t\t\t\t<p>Los perros son bienvenidos en nuestra casa. Sin embargo, rogamos respeten el mobiliario, no los dejen subir a las camas ni a los sof\u00e1s y no los dejen solos en la habitaci\u00f3n.<\/p>\t\t\t\t\t\t\t\t<\/div>\n\t\t\t\t<div class=\"elementor-element elementor-element-ab382e6 elementor-widget elementor-widget-heading\" data-id=\"ab382e6\" data-element_type=\"widget\" data-e-type=\"widget\" data-widget_type=\"heading.default\">\n\t\t\t\t\t<h2 class=\"elementor-heading-title elementor-size-default\">Responsabilidad<\/h2>\t\t\t\t<\/div>\n\t\t\t\t<div class=\"elementor-element elementor-element-c2eb7af elementor-widget elementor-widget-text-editor\" data-id=\"c2eb7af\" data-element_type=\"widget\" data-e-type=\"widget\" data-widget_type=\"text-editor.default\">\n\t\t\t\t\t\t\t\t\t<p>No nos hacemos responsables de ning\u00fan da\u00f1o, p\u00e9rdida o robo de objetos en las habitaciones y el aparcamiento, ni de ninguna lesi\u00f3n sufrida por un miembro de su grupo, salvo en casos de negligencia por nuestra parte.<\/p>\t\t\t\t\t\t\t\t<\/div>\n\t\t\t\t<div class=\"elementor-element elementor-element-57ff834 elementor-widget elementor-widget-heading\" data-id=\"57ff834\" data-element_type=\"widget\" data-e-type=\"widget\" data-widget_type=\"heading.default\">\n\t\t\t\t\t<h2 class=\"elementor-heading-title elementor-size-default\">Da\u00f1os<\/h2>\t\t\t\t<\/div>\n\t\t\t\t<div class=\"elementor-element elementor-element-2dc85ba elementor-widget elementor-widget-text-editor\" data-id=\"2dc85ba\" data-element_type=\"widget\" data-e-type=\"widget\" data-widget_type=\"text-editor.default\">\n\t\t\t\t\t\t\t\t\t<p>Por favor, respete nuestra casa. En caso de da\u00f1os accidentales, av\u00edsenos inmediatamente. En caso de negligencia o uso indebido, nos reservamos el derecho de cobrar la reparaci\u00f3n o sustituci\u00f3n de los art\u00edculos da\u00f1ados o perdidos.<\/p>\t\t\t\t\t\t\t\t<\/div>\n\t\t\t\t<div class=\"elementor-element elementor-element-6359424 elementor-widget elementor-widget-heading\" data-id=\"6359424\" data-element_type=\"widget\" data-e-type=\"widget\" data-widget_type=\"heading.default\">\n\t\t\t\t\t<h2 class=\"elementor-heading-title elementor-size-default\">Rescisi\u00f3n<\/h2>\t\t\t\t<\/div>\n\t\t\t\t<div class=\"elementor-element elementor-element-5c8dd5f elementor-widget elementor-widget-text-editor\" data-id=\"5c8dd5f\" data-element_type=\"widget\" data-e-type=\"widget\" data-widget_type=\"text-editor.default\">\n\t\t\t\t\t\t\t\t\t<p>Nos reservamos el derecho de denegar el acceso a cualquier persona que adopte un comportamiento inaceptable o peligroso. Se podr\u00e1 pedir al inquilino o inquilinos afectados que abandonen el alojamiento inmediatamente despu\u00e9s de abonar las cantidades adeudadas, sin compensaci\u00f3n alguna por las noches no disfrutadas.<\/p>\t\t\t\t\t\t\t\t<\/div>\n\t\t\t\t<div class=\"elementor-element elementor-element-7bb3e82 elementor-widget elementor-widget-heading\" data-id=\"7bb3e82\" data-element_type=\"widget\" data-e-type=\"widget\" data-widget_type=\"heading.default\">\n\t\t\t\t\t<h2 class=\"elementor-heading-title elementor-size-default\">Medio ambiente<\/h2>\t\t\t\t<\/div>\n\t\t\t\t<div class=\"elementor-element elementor-element-d1368dd elementor-widget elementor-widget-text-editor\" data-id=\"d1368dd\" data-element_type=\"widget\" data-e-type=\"widget\" data-widget_type=\"text-editor.default\">\n\t\t\t\t\t\t\t\t\t<p>Por favor, ayude a reducir su impacto en el medio ambiente y el consumo de energ\u00eda:<\/p>\n<ul>\n \t<li>Apagar o bajar la calefacci\u00f3n cuando no est\u00e9 presente<\/li>\n \t<li>Apagar las luces innecesarias<\/li>\n \t<li>Cerrar cortinas y\/o persianas en invierno<\/li>\n \t<li>No dejar correr el agua innecesariamente<\/li>\n \t<li>Usar las toallas y ropa de cama de forma responsable<\/li>\n \t<li>Separar correctamente los residuos<\/li>\n<\/ul>\n\t\t\t\t\t\t\t\t<\/div>\n\t\t\t\t\t<\/div>\n\t\t\t\t<\/div>\n\t\t\t\t<\/div>\n\t\t","protected":false},"excerpt":{"rendered":"<p>R\u00e8glement interieur Timetable Arriv\u00e9e: entre 16 h 30 \u2013 21 h D\u00e9part: avant 10 h 30 Petit-d\u00e9jeuner: entre 07 h 30 \u2013 09 h D\u00eener: \u00e0 20 h sur r\u00e9servation Boire &amp; manger Nous n\u2019interdisons pas de manger ou boire dans la chambre, mais nous vous prions de prendre soin et de respecter le mobilier. [&hellip;]<\/p>\n","protected":false},"author":1,"featured_media":0,"parent":0,"menu_order":10,"comment_status":"closed","ping_status":"closed","template":"","meta":{"footnotes":""},"class_list":["post-4458","page","type-page","status-publish","hentry"],"blocksy_meta":[],"_links":{"self":[{"href":"https:\/\/newsite.lacaminadavielha.com\/es\/wp-json\/wp\/v2\/pages\/4458","targetHints":{"allow":["GET"]}}],"collection":[{"href":"https:\/\/newsite.lacaminadavielha.com\/es\/wp-json\/wp\/v2\/pages"}],"about":[{"href":"https:\/\/newsite.lacaminadavielha.com\/es\/wp-json\/wp\/v2\/types\/page"}],"author":[{"embeddable":true,"href":"https:\/\/newsite.lacaminadavielha.com\/es\/wp-json\/wp\/v2\/users\/1"}],"replies":[{"embeddable":true,"href":"https:\/\/newsite.lacaminadavielha.com\/es\/wp-json\/wp\/v2\/comments?post=4458"}],"version-history":[{"count":1,"href":"https:\/\/newsite.lacaminadavielha.com\/es\/wp-json\/wp\/v2\/pages\/4458\/revisions"}],"predecessor-version":[{"id":5594,"href":"https:\/\/newsite.lacaminadavielha.com\/es\/wp-json\/wp\/v2\/pages\/4458\/revisions\/5594"}],"wp:attachment":[{"href":"https:\/\/newsite.lacaminadavielha.com\/es\/wp-json\/wp\/v2\/media?parent=4458"}],"curies":[{"name":"wp","href":"https:\/\/api.w.org\/{rel}","templated":true}]}}