{"id":2785,"date":"2025-06-08T07:30:31","date_gmt":"2025-06-08T05:30:31","guid":{"rendered":"https:\/\/newsite.lacaminadavielha.com\/?page_id=2785"},"modified":"2026-01-08T09:37:26","modified_gmt":"2026-01-08T08:37:26","slug":"cond","status":"publish","type":"page","link":"https:\/\/newsite.lacaminadavielha.com\/nl\/avv\/","title":{"rendered":"AVV"},"content":{"rendered":"\t\t<div data-elementor-type=\"wp-page\" data-elementor-id=\"2785\" class=\"elementor elementor-2785\">\n\t\t\t\t<div class=\"elementor-element elementor-element-b00027f e-flex e-con-boxed e-con e-parent\" data-id=\"b00027f\" data-element_type=\"container\" data-e-type=\"container\">\n\t\t\t\t\t<div class=\"e-con-inner\">\n\t\t\t\t<div class=\"elementor-element elementor-element-1c15de4 elementor-widget elementor-widget-heading\" data-id=\"1c15de4\" data-element_type=\"widget\" data-e-type=\"widget\" data-widget_type=\"heading.default\">\n\t\t\t\t\t<h1 class=\"elementor-heading-title elementor-size-default\">Algemene Verkoopsvoorwaarden<\/h1>\t\t\t\t<\/div>\n\t\t\t\t<div class=\"elementor-element elementor-element-af7c330 elementor-widget elementor-widget-heading\" data-id=\"af7c330\" data-element_type=\"widget\" data-e-type=\"widget\" data-widget_type=\"heading.default\">\n\t\t\t\t\t<h2 class=\"elementor-heading-title elementor-size-default\">Reservaties<\/h2>\t\t\t\t<\/div>\n\t\t\t\t<div class=\"elementor-element elementor-element-0556ebb elementor-widget elementor-widget-text-editor\" data-id=\"0556ebb\" data-element_type=\"widget\" data-e-type=\"widget\" data-widget_type=\"text-editor.default\">\n\t\t\t\t\t\t\t\t\t<ul><li style=\"margin-bottom: 1em;\"><h4>Online Reservering<\/h4><\/li><li style=\"list-style-type: none; margin-bottom: 1em;\"><ul><li style=\"margin-bottom: 1em;\">De volledige betaling van uw verblijf is vereist op het moment van boeken. Uw reservering wordt bevestigd zodra u onze bevestigingsmail heeft ontvangen. Controleer of de betaling correct is verwerkt en kijk ook in uw spamfolder voor het geval de bevestiging daar terecht is gekomen.<\/li><li>Als u ervoor kiest om per bankoverschrijving te betalen, is de bevestiging van uw reservering onderworpen aan dezelfde voorwaarden als reserveringen op aanvraag (zie hieronder).<\/li><\/ul><\/li><\/ul>\t\t\t\t\t\t\t\t<\/div>\n\t\t\t\t<div class=\"elementor-element elementor-element-a5e186e elementor-widget elementor-widget-text-editor\" data-id=\"a5e186e\" data-element_type=\"widget\" data-e-type=\"widget\" data-widget_type=\"text-editor.default\">\n\t\t\t\t\t\t\t\t\t<ul>\n  <li style=\"margin-bottom:1em;\">\n    <h4>Reservering op aanvraag<\/h4>\n    <ul>\n      <li style=\"margin-bottom:1em;\">\n        Na ontvangst van uw aanvraag controleren wij de beschikbaarheid van de gekozen data en sturen wij u een e-mail met de details van uw verblijf en de betalingsinstructies. Elke reservering impliceert de aanvaarding van onze algemene verkoopvoorwaarden.\n      <\/li>\n      <li style=\"margin-bottom:1em;\">\n        De volledige betaling van uw verblijf moet binnen 7 dagen na verzending van deze e-mail zijn ontvangen. Zodra de betaling is ontvangen, wordt uw reservering definitief. Na deze termijn behouden wij ons het recht voor om de accommodatie aan andere gasten aan te bieden.\n      <\/li>\n    <\/ul>\n  <\/li>\n<\/ul>\n\t\t\t\t\t\t\t\t<\/div>\n\t\t\t\t<div class=\"elementor-element elementor-element-e35218b elementor-widget elementor-widget-heading\" data-id=\"e35218b\" data-element_type=\"widget\" data-e-type=\"widget\" data-widget_type=\"heading.default\">\n\t\t\t\t\t<h2 class=\"elementor-heading-title elementor-size-default\">Annuleringen<\/h2>\t\t\t\t<\/div>\n\t\t\t\t<div class=\"elementor-element elementor-element-52b2517 elementor-widget elementor-widget-text-editor\" data-id=\"52b2517\" data-element_type=\"widget\" data-e-type=\"widget\" data-widget_type=\"text-editor.default\">\n\t\t\t\t\t\t\t\t\t<ul>\n  <li style=\"margin-bottom:1em;\">\n    <h4>Annulering door de gast<\/h4>\n    <ul>\n      <li style=\"margin-bottom:1em;\">U kunt uw verblijf <span style=\"text-decoration: underline;\">kosteloos annuleren tot 14 dagen voor de aankomstdatum<\/span>. In dat geval wordt het betaalde aanbetalingsbedrag volledig terugbetaald.<\/li>\n      <li style=\"margin-bottom:1em;\">Bij annulering binnen 14 dagen voor het begin van het verblijf blijft de aanbetaling behouden en wordt het resterende bedrag van het verblijf verschuldigd.<\/li>\n      <li>Niet-gebruikte nachten kunnen helaas niet worden terugbetaald. Bij te laat aankomen of eerder vertrek blijft het totaalbedrag van het oorspronkelijk gereserveerde verblijf verschuldigd.<\/li>\n    <\/ul>\n  <\/li>\n<\/ul>\n\t\t\t\t\t\t\t\t<\/div>\n\t\t\t\t<div class=\"elementor-element elementor-element-3628219 elementor-widget elementor-widget-text-editor\" data-id=\"3628219\" data-element_type=\"widget\" data-e-type=\"widget\" data-widget_type=\"text-editor.default\">\n\t\t\t\t\t\t\t\t\t<ul>\n  <li style=\"margin-bottom:1em;\">\n    <h4>Annulering door ons<\/h4>\n    <ul>\n      <li>In het uiterst zeldzame geval dat wij genoodzaakt zijn een reservering te annuleren, en uitsluitend vanwege onvoorziene omstandigheden buiten onze controle, wordt elke betaling volledig terugbetaald. Wij doen ons uiterste best om u, indien mogelijk, een alternatief verblijf van vergelijkbare kwaliteit aan te bieden.<\/li>\n    <\/ul>\n  <\/li>\n<\/ul>\n\t\t\t\t\t\t\t\t<\/div>\n\t\t\t\t<div class=\"elementor-element elementor-element-e755339 elementor-widget elementor-widget-heading\" data-id=\"e755339\" data-element_type=\"widget\" data-e-type=\"widget\" data-widget_type=\"heading.default\">\n\t\t\t\t\t<h2 class=\"elementor-heading-title elementor-size-default\">Andere voorwaarden<\/h2>\t\t\t\t<\/div>\n\t\t\t\t<div class=\"elementor-element elementor-element-36bd60f elementor-widget elementor-widget-text-editor\" data-id=\"36bd60f\" data-element_type=\"widget\" data-e-type=\"widget\" data-widget_type=\"text-editor.default\">\n\t\t\t\t\t\t\t\t\t<ul>\n  <li style=\"margin-bottom:1em;\">\n    <h4>Kamerwijziging<\/h4>\n    <ul>\n      <li>Wij behouden ons het recht voor om uw kamer te wijzigen naar een kamer van vergelijkbare of hogere categorie zonder extra kosten, indien dit nodig is om planningredenen of vanwege omstandigheden buiten onze controle.<\/li>\n    <\/ul>\n  <\/li>\n<\/ul>\n\t\t\t\t\t\t\t\t<\/div>\n\t\t\t\t\t<\/div>\n\t\t\t\t<\/div>\n\t\t\t\t<\/div>\n\t\t","protected":false},"excerpt":{"rendered":"<p>Condititions G\u00e9n\u00e9rales de Vente Reservations R\u00e9servation en ligne Le paiement total du s\u00e9jour est demand\u00e9 au moment de la r\u00e9servation. Votre r\u00e9servation sera confirm\u00e9e d\u00e8s r\u00e9ception de notre courriel de confirmation. Veuillez v\u00e9rifier que le paiement a bien \u00e9t\u00e9 effectu\u00e9 et pensez \u00e0 consulter votre bo\u00eete de courrier ind\u00e9sirable au cas o\u00f9 notre confirmation s\u2019y [&hellip;]<\/p>\n","protected":false},"author":1,"featured_media":0,"parent":0,"menu_order":9,"comment_status":"closed","ping_status":"closed","template":"","meta":{"footnotes":""},"class_list":["post-2785","page","type-page","status-publish","hentry"],"blocksy_meta":[],"_links":{"self":[{"href":"https:\/\/newsite.lacaminadavielha.com\/nl\/wp-json\/wp\/v2\/pages\/2785","targetHints":{"allow":["GET"]}}],"collection":[{"href":"https:\/\/newsite.lacaminadavielha.com\/nl\/wp-json\/wp\/v2\/pages"}],"about":[{"href":"https:\/\/newsite.lacaminadavielha.com\/nl\/wp-json\/wp\/v2\/types\/page"}],"author":[{"embeddable":true,"href":"https:\/\/newsite.lacaminadavielha.com\/nl\/wp-json\/wp\/v2\/users\/1"}],"replies":[{"embeddable":true,"href":"https:\/\/newsite.lacaminadavielha.com\/nl\/wp-json\/wp\/v2\/comments?post=2785"}],"version-history":[{"count":1,"href":"https:\/\/newsite.lacaminadavielha.com\/nl\/wp-json\/wp\/v2\/pages\/2785\/revisions"}],"predecessor-version":[{"id":5606,"href":"https:\/\/newsite.lacaminadavielha.com\/nl\/wp-json\/wp\/v2\/pages\/2785\/revisions\/5606"}],"wp:attachment":[{"href":"https:\/\/newsite.lacaminadavielha.com\/nl\/wp-json\/wp\/v2\/media?parent=2785"}],"curies":[{"name":"wp","href":"https:\/\/api.w.org\/{rel}","templated":true}]}}