{"id":4329,"date":"2025-10-10T18:03:11","date_gmt":"2025-10-10T16:03:11","guid":{"rendered":"https:\/\/newsite.lacaminadavielha.com\/?page_id=4329"},"modified":"2026-03-18T16:40:35","modified_gmt":"2026-03-18T15:40:35","slug":"sur-place","status":"publish","type":"page","link":"https:\/\/newsite.lacaminadavielha.com\/nl\/bij-ons\/","title":{"rendered":"Bij ons"},"content":{"rendered":"\t\t<div data-elementor-type=\"wp-page\" data-elementor-id=\"4329\" class=\"elementor elementor-4329\">\n\t\t\t\t<div class=\"elementor-element elementor-element-719b522 e-flex e-con-boxed e-con e-parent\" data-id=\"719b522\" data-element_type=\"container\" data-e-type=\"container\">\n\t\t\t\t\t<div class=\"e-con-inner\">\n\t\t\t\t<div class=\"elementor-element elementor-element-b3af10f elementor-widget elementor-widget-text-editor\" data-id=\"b3af10f\" data-element_type=\"widget\" data-e-type=\"widget\" data-widget_type=\"text-editor.default\">\n\t\t\t\t\t\t\t\t\t<p><\/p>\t\t\t\t\t\t\t\t<\/div>\n\t\t\t\t\t<\/div>\n\t\t\t\t<\/div>\n\t\t<div class=\"elementor-element elementor-element-e373f1a e-flex e-con-boxed e-con e-parent\" data-id=\"e373f1a\" data-element_type=\"container\" data-e-type=\"container\">\n\t\t\t\t\t<div class=\"e-con-inner\">\n\t\t\t\t<div class=\"elementor-element elementor-element-5e221a2 elementor-widget elementor-widget-heading\" data-id=\"5e221a2\" data-element_type=\"widget\" data-e-type=\"widget\" data-widget_type=\"heading.default\">\n\t\t\t\t\t<h3 class=\"elementor-heading-title elementor-size-default\">Aan tafel!<\/h3>\t\t\t\t<\/div>\n\t\t\t\t<div class=\"elementor-element elementor-element-75e19c0 elementor-widget elementor-widget-text-editor\" data-id=\"75e19c0\" data-element_type=\"widget\" data-e-type=\"widget\" data-widget_type=\"text-editor.default\">\n\t\t\t\t\t\t\t\t\t<p>Ongeacht of het nu gaat om ontbijt, lunch of diner, wij bieden u royale, huisgemaakte maaltijden die zijn afgestemd op uw behoeften.<\/p><p>\u00a0<\/p><p><strong>Om rekening te kunnen houden met allergie\u00ebn en intoleranties voor alle soorten maaltijden, verzoeken wij u ons hiervan minimaal 48 uur van tevoren op de hoogte te stellen.<\/strong><\/p>\t\t\t\t\t\t\t\t<\/div>\n\t\t\t\t\t<\/div>\n\t\t\t\t<\/div>\n\t\t<div class=\"elementor-element elementor-element-c6b641b e-con-full e-flex e-con e-parent\" data-id=\"c6b641b\" data-element_type=\"container\" data-e-type=\"container\">\n\t\t<div class=\"elementor-element elementor-element-787c426 e-con-full e-flex e-con e-child\" data-id=\"787c426\" data-element_type=\"container\" data-e-type=\"container\" data-settings=\"{&quot;shape_divider_top&quot;:&quot;mountains&quot;}\">\n\t\t\t\t<div class=\"elementor-shape elementor-shape-top\" aria-hidden=\"true\" data-negative=\"false\">\n\t\t\t<svg xmlns=\"http:\/\/www.w3.org\/2000\/svg\" viewBox=\"0 0 1000 100\" preserveAspectRatio=\"none\">\n\t<path class=\"elementor-shape-fill\" opacity=\"0.33\" d=\"M473,67.3c-203.9,88.3-263.1-34-320.3,0C66,119.1,0,59.7,0,59.7V0h1000v59.7 c0,0-62.1,26.1-94.9,29.3c-32.8,3.3-62.8-12.3-75.8-22.1C806,49.6,745.3,8.7,694.9,4.7S492.4,59,473,67.3z\"\/>\n\t<path class=\"elementor-shape-fill\" opacity=\"0.66\" d=\"M734,67.3c-45.5,0-77.2-23.2-129.1-39.1c-28.6-8.7-150.3-10.1-254,39.1 s-91.7-34.4-149.2,0C115.7,118.3,0,39.8,0,39.8V0h1000v36.5c0,0-28.2-18.5-92.1-18.5C810.2,18.1,775.7,67.3,734,67.3z\"\/>\n\t<path class=\"elementor-shape-fill\" d=\"M766.1,28.9c-200-57.5-266,65.5-395.1,19.5C242,1.8,242,5.4,184.8,20.6C128,35.8,132.3,44.9,89.9,52.5C28.6,63.7,0,0,0,0 h1000c0,0-9.9,40.9-83.6,48.1S829.6,47,766.1,28.9z\"\/>\n<\/svg>\t\t<\/div>\n\t\t\t\t<div class=\"elementor-element elementor-element-dacd556 elementor-widget elementor-widget-heading\" data-id=\"dacd556\" data-element_type=\"widget\" data-e-type=\"widget\" data-widget_type=\"heading.default\">\n\t\t\t\t\t<h4 class=\"elementor-heading-title elementor-size-default\">Ontbijt<\/h4>\t\t\t\t<\/div>\n\t\t\t\t<div class=\"elementor-element elementor-element-d36b667 elementor-widget elementor-widget-text-editor\" data-id=\"d36b667\" data-element_type=\"widget\" data-e-type=\"widget\" data-widget_type=\"text-editor.default\">\n\t\t\t\t\t\t\t\t\t<table class=\"meal-info\" style=\"border-collapse: collapse; table-layout: fixed; width: 100%;\"><tbody><tr><td style=\"padding: 5px 0; vertical-align: middle; width: 20px;\"><img decoding=\"async\" class=\"alignnone size-full wp-image-5429\" src=\"http:\/\/newsite.lacaminadavielha.com\/wp-content\/uploads\/icons8-food-as-resources-20.svg\" alt=\"\" width=\"20\" height=\"20\" \/><\/td><td style=\"padding: 5px 0 5px 20px; vertical-align: middle; word-wrap: break-word;\">royaal<\/td><\/tr><tr><td style=\"padding: 5px 0; vertical-align: middle; width: 20px;\"><img decoding=\"async\" class=\"alignnone size-full wp-image-5431\" src=\"http:\/\/newsite.lacaminadavielha.com\/wp-content\/uploads\/icons8-time-20.svg\" alt=\"\" width=\"20\" height=\"20\" \/><\/td><td style=\"padding: 5px 0 5px 20px; vertical-align: middle; word-wrap: break-word;\">07h30 &#8211; 09h30<\/td><\/tr><tr><td style=\"padding: 5px 0; vertical-align: middle; width: 20px;\"><img decoding=\"async\" style=\"display: block; margin: 0;\" src=\"http:\/\/newsite.lacaminadavielha.com\/wp-content\/uploads\/icons8-euro-50-2.svg\" width=\"20\" height=\"20\" \/><\/td><td style=\"padding: 5px 0 5px 20px; vertical-align: middle; word-wrap: break-word;\">inbegrepen<\/td><\/tr><tr><td style=\"padding: 5px 0; vertical-align: middle; width: 20px;\"><img loading=\"lazy\" decoding=\"async\" class=\"alignnone size-full wp-image-5427\" src=\"http:\/\/newsite.lacaminadavielha.com\/wp-content\/uploads\/icons8-calendar-20.svg\" alt=\"\" width=\"20\" height=\"20\" \/><\/td><td style=\"padding: 5px 0 5px 20px; vertical-align: middle; word-wrap: break-word;\">elke dag<\/td><\/tr><tr><td style=\"padding: 5px 0; vertical-align: middle; width: 20px;\"><img loading=\"lazy\" decoding=\"async\" class=\"alignnone size-full wp-image-5428\" src=\"http:\/\/newsite.lacaminadavielha.com\/wp-content\/uploads\/icons8-checked-20.svg\" alt=\"\" width=\"20\" height=\"20\" \/><\/td><td style=\"padding: 5px 0 5px 20px; vertical-align: middle; word-wrap: break-word;\">geen uitzonderingen<\/td><\/tr><tr><td style=\"padding: 5px 0; vertical-align: middle; width: 20px;\"><img loading=\"lazy\" decoding=\"async\" class=\"alignnone size-full wp-image-4208\" src=\"http:\/\/newsite.lacaminadavielha.com\/wp-content\/uploads\/icons8-information-50-1.svg\" alt=\"\" width=\"20\" height=\"20\" \/><\/td><td style=\"padding: 5px 0 5px 20px; vertical-align: middle; word-wrap: break-word;\"><strong>allergi\u00ebn 48h op voorhand<\/strong><\/td><\/tr><\/tbody><\/table>\t\t\t\t\t\t\t\t<\/div>\n\t\t\t\t<div class=\"elementor-element elementor-element-0755c85 elementor-widget elementor-widget-text-editor\" data-id=\"0755c85\" data-element_type=\"widget\" data-e-type=\"widget\" data-widget_type=\"text-editor.default\">\n\t\t\t\t\t\t\t\t\t<p><\/p>\t\t\t\t\t\t\t\t<\/div>\n\t\t\t\t<\/div>\n\t\t<div class=\"elementor-element elementor-element-b0f1f8d e-con-full e-flex e-con e-child\" data-id=\"b0f1f8d\" data-element_type=\"container\" data-e-type=\"container\" data-settings=\"{&quot;shape_divider_top&quot;:&quot;mountains&quot;}\">\n\t\t\t\t<div class=\"elementor-shape elementor-shape-top\" aria-hidden=\"true\" data-negative=\"false\">\n\t\t\t<svg xmlns=\"http:\/\/www.w3.org\/2000\/svg\" viewBox=\"0 0 1000 100\" preserveAspectRatio=\"none\">\n\t<path class=\"elementor-shape-fill\" opacity=\"0.33\" d=\"M473,67.3c-203.9,88.3-263.1-34-320.3,0C66,119.1,0,59.7,0,59.7V0h1000v59.7 c0,0-62.1,26.1-94.9,29.3c-32.8,3.3-62.8-12.3-75.8-22.1C806,49.6,745.3,8.7,694.9,4.7S492.4,59,473,67.3z\"\/>\n\t<path class=\"elementor-shape-fill\" opacity=\"0.66\" d=\"M734,67.3c-45.5,0-77.2-23.2-129.1-39.1c-28.6-8.7-150.3-10.1-254,39.1 s-91.7-34.4-149.2,0C115.7,118.3,0,39.8,0,39.8V0h1000v36.5c0,0-28.2-18.5-92.1-18.5C810.2,18.1,775.7,67.3,734,67.3z\"\/>\n\t<path class=\"elementor-shape-fill\" d=\"M766.1,28.9c-200-57.5-266,65.5-395.1,19.5C242,1.8,242,5.4,184.8,20.6C128,35.8,132.3,44.9,89.9,52.5C28.6,63.7,0,0,0,0 h1000c0,0-9.9,40.9-83.6,48.1S829.6,47,766.1,28.9z\"\/>\n<\/svg>\t\t<\/div>\n\t\t\t\t<div class=\"elementor-element elementor-element-7e9d2b5 elementor-widget elementor-widget-heading\" data-id=\"7e9d2b5\" data-element_type=\"widget\" data-e-type=\"widget\" data-widget_type=\"heading.default\">\n\t\t\t\t\t<h4 class=\"elementor-heading-title elementor-size-default\">Picknick <\/h4>\t\t\t\t<\/div>\n\t\t\t\t<div class=\"elementor-element elementor-element-8729e09 elementor-widget elementor-widget-text-editor\" data-id=\"8729e09\" data-element_type=\"widget\" data-e-type=\"widget\" data-widget_type=\"text-editor.default\">\n\t\t\t\t\t\t\t\t\t<table class=\"meal-info\" style=\"border-collapse: collapse; table-layout: fixed; width: 100%;\"><tbody><tr><td style=\"padding: 5px 0; vertical-align: middle; width: 20px;\"><img loading=\"lazy\" decoding=\"async\" class=\"alignnone size-full wp-image-5430\" src=\"http:\/\/newsite.lacaminadavielha.com\/wp-content\/uploads\/icons8-hamper-20.svg\" alt=\"\" width=\"20\" height=\"20\" \/><\/td><td style=\"padding: 5px 0 5px 20px; vertical-align: middle; word-wrap: break-word;\">sandwich en\/of salade<\/td><\/tr><tr><td style=\"padding: 5px 0; vertical-align: middle; width: 20px;\"><img decoding=\"async\" class=\"alignnone size-full wp-image-5431\" src=\"http:\/\/newsite.lacaminadavielha.com\/wp-content\/uploads\/icons8-time-20.svg\" alt=\"\" width=\"20\" height=\"20\" \/><\/td><td style=\"padding: 5px 0 5px 20px; vertical-align: middle; word-wrap: break-word;\">om mee te nemen<\/td><\/tr><tr><td style=\"padding: 5px 0; vertical-align: middle; width: 20px;\"><img decoding=\"async\" style=\"display: block; margin: 0;\" src=\"http:\/\/newsite.lacaminadavielha.com\/wp-content\/uploads\/icons8-euro-50-2.svg\" width=\"20\" height=\"20\" \/><\/td><td style=\"padding: 5px 0 5px 20px; vertical-align: middle; word-wrap: break-word;\">naar gelang keuze<\/td><\/tr><tr><td style=\"padding: 5px 0; vertical-align: middle; width: 20px;\"><img loading=\"lazy\" decoding=\"async\" class=\"alignnone size-full wp-image-5427\" src=\"http:\/\/newsite.lacaminadavielha.com\/wp-content\/uploads\/icons8-calendar-20.svg\" alt=\"\" width=\"20\" height=\"20\" \/><\/td><td style=\"padding: 5px 0 5px 20px; vertical-align: middle; word-wrap: break-word;\">elke dag<\/td><\/tr><tr><td style=\"padding: 5px 0; vertical-align: middle; width: 20px;\"><img loading=\"lazy\" decoding=\"async\" class=\"alignnone size-full wp-image-5428\" src=\"http:\/\/newsite.lacaminadavielha.com\/wp-content\/uploads\/icons8-checked-20.svg\" alt=\"\" width=\"20\" height=\"20\" \/><\/td><td style=\"padding: 5px 0 5px 20px; vertical-align: middle; word-wrap: break-word;\">geen uitzonderingen<\/td><\/tr><tr><td style=\"padding: 5px 0; vertical-align: middle; width: 20px;\"><img loading=\"lazy\" decoding=\"async\" class=\"alignnone size-full wp-image-4208\" src=\"http:\/\/newsite.lacaminadavielha.com\/wp-content\/uploads\/icons8-information-50-1.svg\" alt=\"\" width=\"20\" height=\"20\" \/><\/td><td style=\"padding: 5px 0 5px 20px; vertical-align: middle; word-wrap: break-word;\"><strong>op reservatie 48h op voorhand<\/strong><\/td><\/tr><\/tbody><\/table>\t\t\t\t\t\t\t\t<\/div>\n\t\t\t\t<div class=\"elementor-element elementor-element-891236e elementor-widget elementor-widget-text-editor\" data-id=\"891236e\" data-element_type=\"widget\" data-e-type=\"widget\" data-widget_type=\"text-editor.default\">\n\t\t\t\t\t\t\t\t\t<p><\/p>\t\t\t\t\t\t\t\t<\/div>\n\t\t\t\t<\/div>\n\t\t<div class=\"elementor-element elementor-element-aab80da e-con-full e-flex e-con e-child\" data-id=\"aab80da\" data-element_type=\"container\" data-e-type=\"container\" data-settings=\"{&quot;shape_divider_top&quot;:&quot;mountains&quot;}\">\n\t\t\t\t<div class=\"elementor-shape elementor-shape-top\" aria-hidden=\"true\" data-negative=\"false\">\n\t\t\t<svg xmlns=\"http:\/\/www.w3.org\/2000\/svg\" viewBox=\"0 0 1000 100\" preserveAspectRatio=\"none\">\n\t<path class=\"elementor-shape-fill\" opacity=\"0.33\" d=\"M473,67.3c-203.9,88.3-263.1-34-320.3,0C66,119.1,0,59.7,0,59.7V0h1000v59.7 c0,0-62.1,26.1-94.9,29.3c-32.8,3.3-62.8-12.3-75.8-22.1C806,49.6,745.3,8.7,694.9,4.7S492.4,59,473,67.3z\"\/>\n\t<path class=\"elementor-shape-fill\" opacity=\"0.66\" d=\"M734,67.3c-45.5,0-77.2-23.2-129.1-39.1c-28.6-8.7-150.3-10.1-254,39.1 s-91.7-34.4-149.2,0C115.7,118.3,0,39.8,0,39.8V0h1000v36.5c0,0-28.2-18.5-92.1-18.5C810.2,18.1,775.7,67.3,734,67.3z\"\/>\n\t<path class=\"elementor-shape-fill\" d=\"M766.1,28.9c-200-57.5-266,65.5-395.1,19.5C242,1.8,242,5.4,184.8,20.6C128,35.8,132.3,44.9,89.9,52.5C28.6,63.7,0,0,0,0 h1000c0,0-9.9,40.9-83.6,48.1S829.6,47,766.1,28.9z\"\/>\n<\/svg>\t\t<\/div>\n\t\t\t\t<div class=\"elementor-element elementor-element-2b31f31 elementor-widget elementor-widget-heading\" data-id=\"2b31f31\" data-element_type=\"widget\" data-e-type=\"widget\" data-widget_type=\"heading.default\">\n\t\t\t\t\t<h4 class=\"elementor-heading-title elementor-size-default\">Diner<\/h4>\t\t\t\t<\/div>\n\t\t\t\t<div class=\"elementor-element elementor-element-73d16ca elementor-widget elementor-widget-text-editor\" data-id=\"73d16ca\" data-element_type=\"widget\" data-e-type=\"widget\" data-widget_type=\"text-editor.default\">\n\t\t\t\t\t\t\t\t\t<table class=\"meal-info\" style=\"border-collapse: collapse; table-layout: fixed; width: 100%;\"><tbody><tr><td style=\"padding: 5px 0; vertical-align: middle; width: 20px;\"><img loading=\"lazy\" decoding=\"async\" class=\"alignnone size-full wp-image-5413\" src=\"http:\/\/newsite.lacaminadavielha.com\/wp-content\/uploads\/icons8-food-and-wine-20.svg\" alt=\"\" width=\"20\" height=\"20\" \/><\/td><td style=\"padding: 5px 0 5px 20px; vertical-align: middle; word-wrap: break-word;\">vast 3-gangenmenu<\/td><\/tr><tr><td style=\"padding: 5px 0; vertical-align: middle; width: 20px;\"><img decoding=\"async\" class=\"alignnone size-full wp-image-5431\" src=\"http:\/\/newsite.lacaminadavielha.com\/wp-content\/uploads\/icons8-time-20.svg\" alt=\"\" width=\"20\" height=\"20\" \/><\/td><td style=\"padding: 5px 0 5px 20px; vertical-align: middle; word-wrap: break-word;\">20h00<\/td><\/tr><tr><td style=\"padding: 5px 0; vertical-align: middle; width: 20px;\"><img decoding=\"async\" style=\"display: block; margin: 0;\" src=\"http:\/\/newsite.lacaminadavielha.com\/wp-content\/uploads\/icons8-euro-50-2.svg\" width=\"20\" height=\"20\" \/><\/td><td style=\"padding: 5px 0 5px 20px; vertical-align: middle; word-wrap: break-word;\">25 \u20ac \/ volwassene\u00b7 15 \u20ac \/ -12 jaar<\/td><\/tr><tr><td style=\"padding: 5px 0; vertical-align: middle; width: 20px;\"><img loading=\"lazy\" decoding=\"async\" class=\"alignnone size-full wp-image-5427\" src=\"http:\/\/newsite.lacaminadavielha.com\/wp-content\/uploads\/icons8-calendar-20.svg\" alt=\"\" width=\"20\" height=\"20\" \/><\/td><td style=\"padding: 5px 0 5px 20px; vertical-align: middle; word-wrap: break-word;\">elke dag<\/td><\/tr><tr><td style=\"padding: 5px 0; vertical-align: middle; width: 20px;\"><img loading=\"lazy\" decoding=\"async\" class=\"alignnone size-full wp-image-5432\" src=\"http:\/\/newsite.lacaminadavielha.com\/wp-content\/uploads\/icons8-x-20.svg\" alt=\"\" width=\"20\" height=\"20\" \/><\/td><td style=\"padding: 5px 0 5px 20px; vertical-align: middle; word-wrap: break-word;\">behalve vrijdagen (juni \u2192 september)<\/td><\/tr><tr><td style=\"padding: 5px 0; vertical-align: middle; width: 20px;\"><img loading=\"lazy\" decoding=\"async\" style=\"display: block; margin: 0;\" src=\"http:\/\/newsite.lacaminadavielha.com\/wp-content\/uploads\/icons8-information-50-1.svg\" width=\"20\" height=\"20\" \/><\/td><td style=\"padding: 5px 0 5px 20px; vertical-align: middle; word-wrap: break-word;\"><strong>op reservatie 48h op voorhand<\/strong><\/td><\/tr><\/tbody><\/table>\t\t\t\t\t\t\t\t<\/div>\n\t\t\t\t<div class=\"elementor-element elementor-element-7178ffb elementor-widget elementor-widget-text-editor\" data-id=\"7178ffb\" data-element_type=\"widget\" data-e-type=\"widget\" data-widget_type=\"text-editor.default\">\n\t\t\t\t\t\t\t\t\t<p><\/p>\t\t\t\t\t\t\t\t<\/div>\n\t\t\t\t<\/div>\n\t\t\t\t<\/div>\n\t\t<div class=\"elementor-element elementor-element-95e4a60 e-flex e-con-boxed e-con e-parent\" data-id=\"95e4a60\" data-element_type=\"container\" data-e-type=\"container\">\n\t\t\t\t\t<div class=\"e-con-inner\">\n\t\t\t\t<div class=\"elementor-element elementor-element-8ecb8bf elementor-widget elementor-widget-heading\" data-id=\"8ecb8bf\" data-element_type=\"widget\" data-e-type=\"widget\" data-widget_type=\"heading.default\">\n\t\t\t\t\t<h3 class=\"elementor-heading-title elementor-size-default\">Een kijkje in het huis<\/h3>\t\t\t\t<\/div>\n\t\t\t\t<div class=\"elementor-element elementor-element-4ec560a elementor-widget elementor-widget-text-editor\" data-id=\"4ec560a\" data-element_type=\"widget\" data-e-type=\"widget\" data-widget_type=\"text-editor.default\">\n\t\t\t\t\t\t\t\t\t<p>Geniet in de zomer van ons zonnige terras, ideaal om te ontspannen of gezellig te aperitieven, met een adembenemend uitzicht op de omgeving.<\/p><p><br \/>In de winter kunt u na een actieve dag heerlijk ontspannen bij de open haard in onze gezellige salon. Lees een boek of geniet van een gezellig moment met familie of vrienden.<\/p>\t\t\t\t\t\t\t\t<\/div>\n\t\t\t\t\t<\/div>\n\t\t\t\t<\/div>\n\t\t<div class=\"elementor-element elementor-element-75793d8 e-con-full e-flex e-con e-parent\" data-id=\"75793d8\" data-element_type=\"container\" data-e-type=\"container\">\n\t\t\t\t<div class=\"elementor-element elementor-element-87c8a9a elementor-widget elementor-widget-text-editor\" data-id=\"87c8a9a\" data-element_type=\"widget\" data-e-type=\"widget\" data-widget_type=\"text-editor.default\">\n\t\t\t\t\t\t\t\t\t<p><\/p>\t\t\t\t\t\t\t\t<\/div>\n\t\t\t\t<\/div>\n\t\t<div class=\"elementor-element elementor-element-a13d091 e-flex e-con-boxed e-con e-parent\" data-id=\"a13d091\" data-element_type=\"container\" data-e-type=\"container\">\n\t\t\t\t\t<div class=\"e-con-inner\">\n\t\t\t\t<div class=\"elementor-element elementor-element-6b7a49d elementor-widget elementor-widget-heading\" data-id=\"6b7a49d\" data-element_type=\"widget\" data-e-type=\"widget\" data-widget_type=\"heading.default\">\n\t\t\t\t\t<h3 class=\"elementor-heading-title elementor-size-default\">Overige diensten in een oogopslag<\/h3>\t\t\t\t<\/div>\n\t\t\t\t<div class=\"elementor-element elementor-element-2edade8 elementor-widget elementor-widget-text-editor\" data-id=\"2edade8\" data-element_type=\"widget\" data-e-type=\"widget\" data-widget_type=\"text-editor.default\">\n\t\t\t\t\t\t\t\t\t<table class=\"meal-info\" style=\"border-collapse: collapse; table-layout: fixed; width: 100%;\"><tbody><tr><td style=\"padding: 5px 0; vertical-align: middle; width: 20px;\"><img loading=\"lazy\" decoding=\"async\" class=\"alignnone size-full wp-image-5459\" src=\"http:\/\/newsite.lacaminadavielha.com\/wp-content\/uploads\/icons8-snow-storm-20.svg\" alt=\"\" width=\"20\" height=\"20\" \/><\/td><td style=\"padding: 5px 0 5px 20px; vertical-align: middle; word-wrap: break-word;\"><strong>Sneeuwschoenen<\/strong><\/td><td style=\"padding: 5px 0 5px 20px; vertical-align: middle; word-wrap: break-word;\">\u20ac10\/pp\/dag<\/td><\/tr><tr><td style=\"padding: 5px 0; vertical-align: middle; width: 20px;\"><img loading=\"lazy\" decoding=\"async\" class=\"alignnone size-full wp-image-5458\" src=\"http:\/\/newsite.lacaminadavielha.com\/wp-content\/uploads\/icons8-sled-20.svg\" alt=\"\" width=\"20\" height=\"20\" \/><\/td><td style=\"padding: 5px 0 5px 20px; vertical-align: middle; word-wrap: break-word;\"><strong>Sle\u00eben<\/strong><\/td><td style=\"padding: 5px 0 5px 20px; vertical-align: middle; word-wrap: break-word;\">gratis<\/td><\/tr><tr><td style=\"padding: 5px 0; vertical-align: middle; width: 20px;\"><img loading=\"lazy\" decoding=\"async\" class=\"alignnone size-full wp-image-5460\" src=\"http:\/\/newsite.lacaminadavielha.com\/wp-content\/uploads\/icons8-washing-machine-20.svg\" alt=\"\" width=\"20\" height=\"20\" \/><\/td><td style=\"padding: 5px 0 5px 20px; vertical-align: middle; word-wrap: break-word;\"><strong>Wasmachine<\/strong><\/td><td style=\"padding: 5px 0 5px 20px; vertical-align: middle; word-wrap: break-word;\">\u20ac5<\/td><\/tr><tr><td style=\"padding: 5px 0; vertical-align: middle; width: 20px;\"><img loading=\"lazy\" decoding=\"async\" class=\"alignnone size-full wp-image-5461\" src=\"http:\/\/newsite.lacaminadavielha.com\/wp-content\/uploads\/icons8-cup-with-straw-20.svg\" alt=\"\" width=\"20\" height=\"20\" \/><\/td><td style=\"padding: 5px 0 5px 20px; vertical-align: middle; word-wrap: break-word;\"><strong>Dranken<\/strong><\/td><td style=\"padding: 5px 0 5px 20px; vertical-align: middle; word-wrap: break-word;\">variabel<\/td><\/tr><tr><td style=\"padding: 5px 0; vertical-align: middle; width: 20px;\"><img loading=\"lazy\" decoding=\"async\" class=\"alignnone size-full wp-image-5462\" src=\"http:\/\/newsite.lacaminadavielha.com\/wp-content\/uploads\/icons8-honey-20.svg\" alt=\"\" width=\"20\" height=\"20\" \/><\/td><td style=\"padding: 5px 0 5px 20px; vertical-align: middle; word-wrap: break-word;\"><strong>Lokale producten<\/strong><\/td><td style=\"padding: 5px 0 5px 20px; vertical-align: middle; word-wrap: break-word;\">variabel<\/td><\/tr><\/tbody><\/table>\t\t\t\t\t\t\t\t<\/div>\n\t\t\t\t\t<\/div>\n\t\t\t\t<\/div>\n\t\t\t\t<\/div>\n\t\t","protected":false},"excerpt":{"rendered":"<p>\u00c0 table ! Que ce soit pour le petit-d\u00e9jeuner, le d\u00e9jeuner ou le d\u00eener, nous vous proposons des repas g\u00e9n\u00e9reux, faits maison, et adapt\u00e9s \u00e0 vos besoins. \u00a0 Pour que nous puissions prendre en compte les allergies et intol\u00e9rances pour tous les types de repas, merci de nous en informer au moins 48 heures \u00e0 [&hellip;]<\/p>\n","protected":false},"author":1,"featured_media":0,"parent":0,"menu_order":1,"comment_status":"closed","ping_status":"closed","template":"","meta":{"footnotes":""},"class_list":["post-4329","page","type-page","status-publish","hentry"],"blocksy_meta":[],"_links":{"self":[{"href":"https:\/\/newsite.lacaminadavielha.com\/nl\/wp-json\/wp\/v2\/pages\/4329","targetHints":{"allow":["GET"]}}],"collection":[{"href":"https:\/\/newsite.lacaminadavielha.com\/nl\/wp-json\/wp\/v2\/pages"}],"about":[{"href":"https:\/\/newsite.lacaminadavielha.com\/nl\/wp-json\/wp\/v2\/types\/page"}],"author":[{"embeddable":true,"href":"https:\/\/newsite.lacaminadavielha.com\/nl\/wp-json\/wp\/v2\/users\/1"}],"replies":[{"embeddable":true,"href":"https:\/\/newsite.lacaminadavielha.com\/nl\/wp-json\/wp\/v2\/comments?post=4329"}],"version-history":[{"count":1,"href":"https:\/\/newsite.lacaminadavielha.com\/nl\/wp-json\/wp\/v2\/pages\/4329\/revisions"}],"predecessor-version":[{"id":5797,"href":"https:\/\/newsite.lacaminadavielha.com\/nl\/wp-json\/wp\/v2\/pages\/4329\/revisions\/5797"}],"wp:attachment":[{"href":"https:\/\/newsite.lacaminadavielha.com\/nl\/wp-json\/wp\/v2\/media?parent=4329"}],"curies":[{"name":"wp","href":"https:\/\/api.w.org\/{rel}","templated":true}]}}