{"id":4458,"date":"2025-10-12T11:44:21","date_gmt":"2025-10-12T09:44:21","guid":{"rendered":"https:\/\/newsite.lacaminadavielha.com\/?page_id=4458"},"modified":"2026-01-08T07:06:34","modified_gmt":"2026-01-08T06:06:34","slug":"reglement-interieur","status":"publish","type":"page","link":"https:\/\/newsite.lacaminadavielha.com\/nl\/huisregels\/","title":{"rendered":"Huisregels"},"content":{"rendered":"\t\t<div data-elementor-type=\"wp-page\" data-elementor-id=\"4458\" class=\"elementor elementor-4458\">\n\t\t\t\t<div class=\"elementor-element elementor-element-ad88414 e-flex e-con-boxed e-con e-parent\" data-id=\"ad88414\" data-element_type=\"container\" data-e-type=\"container\">\n\t\t\t\t\t<div class=\"e-con-inner\">\n\t\t\t\t<div class=\"elementor-element elementor-element-2ae1c66 elementor-widget elementor-widget-heading\" data-id=\"2ae1c66\" data-element_type=\"widget\" data-e-type=\"widget\" data-widget_type=\"heading.default\">\n\t\t\t\t\t<h1 class=\"elementor-heading-title elementor-size-default\">R\u00e8glement interieur<\/h1>\t\t\t\t<\/div>\n\t\t\t\t<div class=\"elementor-element elementor-element-f6f6786 elementor-widget elementor-widget-heading\" data-id=\"f6f6786\" data-element_type=\"widget\" data-e-type=\"widget\" data-widget_type=\"heading.default\">\n\t\t\t\t\t<h2 class=\"elementor-heading-title elementor-size-default\">Uurregeling<\/h2>\t\t\t\t<\/div>\n\t\t\t\t<div class=\"elementor-element elementor-element-1b79580 elementor-widget elementor-widget-text-editor\" data-id=\"1b79580\" data-element_type=\"widget\" data-e-type=\"widget\" data-widget_type=\"text-editor.default\">\n\t\t\t\t\t\t\t\t\t<ul style=\"list-style: none; padding: 0; margin: 0; display: grid; grid-template-columns: 150px auto; gap: 0;\"><li>Aankomst:<\/li><li>tussen 16:30 \u2013 21:00<\/li><li>Vertrek:<\/li><li>voor 10:30<\/li><li>Ontbijt:<\/li><li>tussen 07:30 \u2013 09:00<\/li><li>Diner:<\/li><li>om 20:00 op reservering<\/li><\/ul>\t\t\t\t\t\t\t\t<\/div>\n\t\t\t\t<div class=\"elementor-element elementor-element-e97af25 elementor-widget elementor-widget-heading\" data-id=\"e97af25\" data-element_type=\"widget\" data-e-type=\"widget\" data-widget_type=\"heading.default\">\n\t\t\t\t\t<h2 class=\"elementor-heading-title elementor-size-default\">Eten &amp; drinken<\/h2>\t\t\t\t<\/div>\n\t\t\t\t<div class=\"elementor-element elementor-element-902efa1 elementor-widget elementor-widget-text-editor\" data-id=\"902efa1\" data-element_type=\"widget\" data-e-type=\"widget\" data-widget_type=\"text-editor.default\">\n\t\t\t\t\t\t\t\t\t<p>Wij verbieden u niet om in de kamer te eten of te drinken, maar wij verzoeken u om voorzichtig te zijn en zorgvuldig om te gaan met het meubilair.<\/p>\t\t\t\t\t\t\t\t<\/div>\n\t\t\t\t<div class=\"elementor-element elementor-element-db2254d elementor-widget elementor-widget-heading\" data-id=\"db2254d\" data-element_type=\"widget\" data-e-type=\"widget\" data-widget_type=\"heading.default\">\n\t\t\t\t\t<h2 class=\"elementor-heading-title elementor-size-default\">Lawaai<\/h2>\t\t\t\t<\/div>\n\t\t\t\t<div class=\"elementor-element elementor-element-c9fb1bf elementor-widget elementor-widget-text-editor\" data-id=\"c9fb1bf\" data-element_type=\"widget\" data-e-type=\"widget\" data-widget_type=\"text-editor.default\">\n\t\t\t\t\t\t\t\t\t<p>Voor ieders comfort verzoeken wij u tussen 22.00 uur en 9.00 uur geluidsoverlast tot een minimum te beperken.<\/p>\t\t\t\t\t\t\t\t<\/div>\n\t\t\t\t<div class=\"elementor-element elementor-element-30dac0e elementor-widget elementor-widget-heading\" data-id=\"30dac0e\" data-element_type=\"widget\" data-e-type=\"widget\" data-widget_type=\"heading.default\">\n\t\t\t\t\t<h2 class=\"elementor-heading-title elementor-size-default\">Roken<\/h2>\t\t\t\t<\/div>\n\t\t\t\t<div class=\"elementor-element elementor-element-26bd4ff elementor-widget elementor-widget-text-editor\" data-id=\"26bd4ff\" data-element_type=\"widget\" data-e-type=\"widget\" data-widget_type=\"text-editor.default\">\n\t\t\t\t\t\t\t\t\t<p>Ons huis is volledig rookvrij. Buiten staat een asbak tot uw beschikking.<\/p>\t\t\t\t\t\t\t\t<\/div>\n\t\t\t\t<div class=\"elementor-element elementor-element-1a495ab elementor-widget elementor-widget-heading\" data-id=\"1a495ab\" data-element_type=\"widget\" data-e-type=\"widget\" data-widget_type=\"heading.default\">\n\t\t\t\t\t<h2 class=\"elementor-heading-title elementor-size-default\">Wasgoed<\/h2>\t\t\t\t<\/div>\n\t\t\t\t<div class=\"elementor-element elementor-element-115474a elementor-widget elementor-widget-text-editor\" data-id=\"115474a\" data-element_type=\"widget\" data-e-type=\"widget\" data-widget_type=\"text-editor.default\">\n\t\t\t\t\t\t\t\t\t<p>Wij verzoeken u vriendelijk om uw wasgoed niet in de douche of wasbak te wassen om schade te voorkomen. Indien nodig kunt u gebruikmaken van een wasmachine.<\/p>\t\t\t\t\t\t\t\t<\/div>\n\t\t\t\t<div class=\"elementor-element elementor-element-aab034c elementor-widget elementor-widget-heading\" data-id=\"aab034c\" data-element_type=\"widget\" data-e-type=\"widget\" data-widget_type=\"heading.default\">\n\t\t\t\t\t<h2 class=\"elementor-heading-title elementor-size-default\">Schoonmaak<\/h2>\t\t\t\t<\/div>\n\t\t\t\t<div class=\"elementor-element elementor-element-6b512d9 elementor-widget elementor-widget-text-editor\" data-id=\"6b512d9\" data-element_type=\"widget\" data-e-type=\"widget\" data-widget_type=\"text-editor.default\">\n\t\t\t\t\t\t\t\t\t<p>De kamers worden niet schoongemaakt en het beddengoed wordt niet verschoond, tenzij u hierom vraagt. Bij een langer verblijf of speciale wensen helpen wij u graag verder.<\/p>\t\t\t\t\t\t\t\t<\/div>\n\t\t\t\t<div class=\"elementor-element elementor-element-ce46e40 elementor-widget elementor-widget-heading\" data-id=\"ce46e40\" data-element_type=\"widget\" data-e-type=\"widget\" data-widget_type=\"heading.default\">\n\t\t\t\t\t<h2 class=\"elementor-heading-title elementor-size-default\">Huisdieren<\/h2>\t\t\t\t<\/div>\n\t\t\t\t<div class=\"elementor-element elementor-element-c326744 elementor-widget elementor-widget-text-editor\" data-id=\"c326744\" data-element_type=\"widget\" data-e-type=\"widget\" data-widget_type=\"text-editor.default\">\n\t\t\t\t\t\t\t\t\t<p>Honden zijn welkom in ons huis. Gelieve echter het meubilair te respecteren, ze niet op bedden of banken te laten liggen en ze niet alleen in de kamer achter te laten.<\/p>\t\t\t\t\t\t\t\t<\/div>\n\t\t\t\t<div class=\"elementor-element elementor-element-ab382e6 elementor-widget elementor-widget-heading\" data-id=\"ab382e6\" data-element_type=\"widget\" data-e-type=\"widget\" data-widget_type=\"heading.default\">\n\t\t\t\t\t<h2 class=\"elementor-heading-title elementor-size-default\">Verantwoordelijkheid<\/h2>\t\t\t\t<\/div>\n\t\t\t\t<div class=\"elementor-element elementor-element-c2eb7af elementor-widget elementor-widget-text-editor\" data-id=\"c2eb7af\" data-element_type=\"widget\" data-e-type=\"widget\" data-widget_type=\"text-editor.default\">\n\t\t\t\t\t\t\t\t\t<p>Wij nemen geen enkele verantwoordelijkheid voor schade, verlies of diefstal van eigendommen in de kamers en op de parkeerplaats, noch voor letsel opgelopen door een lid van uw groep, behalve in gevallen van nalatigheid van onze kant.<\/p>\t\t\t\t\t\t\t\t<\/div>\n\t\t\t\t<div class=\"elementor-element elementor-element-57ff834 elementor-widget elementor-widget-heading\" data-id=\"57ff834\" data-element_type=\"widget\" data-e-type=\"widget\" data-widget_type=\"heading.default\">\n\t\t\t\t\t<h2 class=\"elementor-heading-title elementor-size-default\">Schade<\/h2>\t\t\t\t<\/div>\n\t\t\t\t<div class=\"elementor-element elementor-element-2dc85ba elementor-widget elementor-widget-text-editor\" data-id=\"2dc85ba\" data-element_type=\"widget\" data-e-type=\"widget\" data-widget_type=\"text-editor.default\">\n\t\t\t\t\t\t\t\t\t<p>Hartelijk dank voor het respecteren van ons huis. In geval van accidentele schade, gelieve ons onmiddellijk op de hoogte te brengen. In geval van nalatigheid of misbruik behouden wij ons het recht voor om de reparatie of vervanging van beschadigde of ontbrekende artikelen in rekening te brengen.<\/p>\t\t\t\t\t\t\t\t<\/div>\n\t\t\t\t<div class=\"elementor-element elementor-element-6359424 elementor-widget elementor-widget-heading\" data-id=\"6359424\" data-element_type=\"widget\" data-e-type=\"widget\" data-widget_type=\"heading.default\">\n\t\t\t\t\t<h2 class=\"elementor-heading-title elementor-size-default\">Opzegging<\/h2>\t\t\t\t<\/div>\n\t\t\t\t<div class=\"elementor-element elementor-element-5c8dd5f elementor-widget elementor-widget-text-editor\" data-id=\"5c8dd5f\" data-element_type=\"widget\" data-e-type=\"widget\" data-widget_type=\"text-editor.default\">\n\t\t\t\t\t\t\t\t\t<p>Wij behouden ons het recht voor om personen die zich onaanvaardbaar of gevaarlijk gedragen de toegang te weigeren. De betrokken huurder(s) kan\/kunnen worden verzocht om de accommodatie onmiddellijk te verlaten na betaling van de verschuldigde bedragen, zonder compensatie voor de niet-gebruikte nachten.<\/p>\t\t\t\t\t\t\t\t<\/div>\n\t\t\t\t<div class=\"elementor-element elementor-element-7bb3e82 elementor-widget elementor-widget-heading\" data-id=\"7bb3e82\" data-element_type=\"widget\" data-e-type=\"widget\" data-widget_type=\"heading.default\">\n\t\t\t\t\t<h2 class=\"elementor-heading-title elementor-size-default\">Milieu<\/h2>\t\t\t\t<\/div>\n\t\t\t\t<div class=\"elementor-element elementor-element-d1368dd elementor-widget elementor-widget-text-editor\" data-id=\"d1368dd\" data-element_type=\"widget\" data-e-type=\"widget\" data-widget_type=\"text-editor.default\">\n\t\t\t\t\t\t\t\t\t<p>Help het milieu en uw energierekening te sparen door:<\/p>\n<ul>\n \t<li>De verwarming uit of lager zetten bij afwezigheid<\/li>\n \t<li>Onnodige verlichting uitschakelen<\/li>\n \t<li>Gordijnen en\/of luiken in de winter sluiten<\/li>\n \t<li>Water niet onnodig laten stromen<\/li>\n \t<li>Handdoeken en linnengoed verstandig gebruiken<\/li>\n \t<li>Afval correct scheiden<\/li>\n<\/ul>\n\t\t\t\t\t\t\t\t<\/div>\n\t\t\t\t\t<\/div>\n\t\t\t\t<\/div>\n\t\t\t\t<\/div>\n\t\t","protected":false},"excerpt":{"rendered":"<p>R\u00e8glement interieur Timetable Arriv\u00e9e: entre 16 h 30 \u2013 21 h D\u00e9part: avant 10 h 30 Petit-d\u00e9jeuner: entre 07 h 30 \u2013 09 h D\u00eener: \u00e0 20 h sur r\u00e9servation Boire &amp; manger Nous n\u2019interdisons pas de manger ou boire dans la chambre, mais nous vous prions de prendre soin et de respecter le mobilier. [&hellip;]<\/p>\n","protected":false},"author":1,"featured_media":0,"parent":0,"menu_order":10,"comment_status":"closed","ping_status":"closed","template":"","meta":{"footnotes":""},"class_list":["post-4458","page","type-page","status-publish","hentry"],"blocksy_meta":[],"_links":{"self":[{"href":"https:\/\/newsite.lacaminadavielha.com\/nl\/wp-json\/wp\/v2\/pages\/4458","targetHints":{"allow":["GET"]}}],"collection":[{"href":"https:\/\/newsite.lacaminadavielha.com\/nl\/wp-json\/wp\/v2\/pages"}],"about":[{"href":"https:\/\/newsite.lacaminadavielha.com\/nl\/wp-json\/wp\/v2\/types\/page"}],"author":[{"embeddable":true,"href":"https:\/\/newsite.lacaminadavielha.com\/nl\/wp-json\/wp\/v2\/users\/1"}],"replies":[{"embeddable":true,"href":"https:\/\/newsite.lacaminadavielha.com\/nl\/wp-json\/wp\/v2\/comments?post=4458"}],"version-history":[{"count":1,"href":"https:\/\/newsite.lacaminadavielha.com\/nl\/wp-json\/wp\/v2\/pages\/4458\/revisions"}],"predecessor-version":[{"id":5594,"href":"https:\/\/newsite.lacaminadavielha.com\/nl\/wp-json\/wp\/v2\/pages\/4458\/revisions\/5594"}],"wp:attachment":[{"href":"https:\/\/newsite.lacaminadavielha.com\/nl\/wp-json\/wp\/v2\/media?parent=4458"}],"curies":[{"name":"wp","href":"https:\/\/api.w.org\/{rel}","templated":true}]}}